{"id":1347,"date":"2021-11-21T15:14:44","date_gmt":"2021-11-21T15:14:44","guid":{"rendered":"https:\/\/lesnuitsdecamille.com\/index.php\/contact\/"},"modified":"2026-01-06T14:00:54","modified_gmt":"2026-01-06T13:00:54","slug":"contact","status":"publish","type":"page","link":"https:\/\/lesnuitsdecamille.com\/index.php\/contact\/","title":{"rendered":"Contact &#038; R\u00e9seaux sociaux"},"content":{"rendered":"\t\t<div data-elementor-type=\"wp-page\" data-elementor-id=\"1347\" class=\"elementor elementor-1347\">\n\t\t\t\t\t\t<section class=\"elementor-section elementor-top-section elementor-element elementor-element-6713cc3 elementor-section-height-min-height elementor-section-boxed elementor-section-height-default elementor-section-items-middle\" data-id=\"6713cc3\" data-element_type=\"section\" data-settings=\"{&quot;background_background&quot;:&quot;classic&quot;}\">\n\t\t\t\t\t\t\t<div class=\"elementor-background-overlay\"><\/div>\n\t\t\t\t\t\t\t<div class=\"elementor-container elementor-column-gap-default\">\n\t\t\t\t\t<div class=\"elementor-column elementor-col-100 elementor-top-column elementor-element elementor-element-ddcf7e8\" data-id=\"ddcf7e8\" data-element_type=\"column\">\n\t\t\t<div class=\"elementor-widget-wrap elementor-element-populated\">\n\t\t\t\t\t\t<div class=\"elementor-element elementor-element-810b002 elementor-widget elementor-widget-heading\" data-id=\"810b002\" data-element_type=\"widget\" data-widget_type=\"heading.default\">\n\t\t\t\t<div class=\"elementor-widget-container\">\n\t\t\t\t\t<h2 class=\"elementor-heading-title elementor-size-xxl\">Contact<\/h2>\t\t\t\t<\/div>\n\t\t\t\t<\/div>\n\t\t\t\t\t<\/div>\n\t\t<\/div>\n\t\t\t\t\t<\/div>\n\t\t<\/section>\n\t\t\t\t<section class=\"elementor-section elementor-top-section elementor-element elementor-element-ab880e8 elementor-section-boxed elementor-section-height-default elementor-section-height-default\" data-id=\"ab880e8\" data-element_type=\"section\">\n\t\t\t\t\t\t<div class=\"elementor-container elementor-column-gap-default\">\n\t\t\t\t\t<div class=\"elementor-column elementor-col-100 elementor-top-column elementor-element elementor-element-e83e31e\" data-id=\"e83e31e\" data-element_type=\"column\">\n\t\t\t<div class=\"elementor-widget-wrap elementor-element-populated\">\n\t\t\t\t\t\t<div class=\"elementor-element elementor-element-808cf25 elementor-widget elementor-widget-spacer\" data-id=\"808cf25\" data-element_type=\"widget\" data-widget_type=\"spacer.default\">\n\t\t\t\t<div class=\"elementor-widget-container\">\n\t\t\t\t\t\t\t<div class=\"elementor-spacer\">\n\t\t\t<div class=\"elementor-spacer-inner\"><\/div>\n\t\t<\/div>\n\t\t\t\t\t\t<\/div>\n\t\t\t\t<\/div>\n\t\t\t\t\t<\/div>\n\t\t<\/div>\n\t\t\t\t\t<\/div>\n\t\t<\/section>\n\t\t\t\t<section class=\"elementor-section elementor-top-section elementor-element elementor-element-ac0b2eb elementor-section-boxed elementor-section-height-default elementor-section-height-default\" data-id=\"ac0b2eb\" data-element_type=\"section\">\n\t\t\t\t\t\t<div class=\"elementor-container elementor-column-gap-default\">\n\t\t\t\t\t<div class=\"elementor-column elementor-col-100 elementor-top-column elementor-element elementor-element-a84661c\" data-id=\"a84661c\" data-element_type=\"column\">\n\t\t\t<div class=\"elementor-widget-wrap elementor-element-populated\">\n\t\t\t\t\t\t<div class=\"elementor-element elementor-element-cfed81e elementor-widget__width-initial elementor-widget-mobile__width-initial elementor-widget elementor-widget-text-editor\" data-id=\"cfed81e\" data-element_type=\"widget\" data-widget_type=\"text-editor.default\">\n\t\t\t\t<div class=\"elementor-widget-container\">\n\t\t\t\t\t\t\t\t\t<h5 style=\"text-align: center;\"><span style=\"color: #d4806e;\"><b>Appel d\u00e9couverte offert <\/b><b>&amp; Prise de RDV\u00a0<\/b><\/span><\/h5><div><p style=\"font-size: 17px; font-style: normal; font-weight: 400; text-align: left;\"><em>Vous\u00a0aimeriez faire connaissance avant de d\u00e9buter une consultation ou un accompagnement* ?<\/em><\/p><p style=\"text-align: left;\"><em>Vous aimeriez me partager votre situation afin de savoir comment elle pourrait \u00e9voluer avec un accompagnement ? <\/em><\/p><p style=\"font-size: 17px; font-style: normal; font-weight: 400; text-align: left;\"><em>Vous avez des questions \u00e0 propos des diff\u00e9rentes formules propos\u00e9es ou mon approche ?<\/em><\/p><p>\u00a0<\/p><p style=\"font-size: 17px; font-style: normal; font-weight: 400; text-align: center;\">*Accompagnement en visio et \u00e0 Villeneuve d&rsquo;Ascq (59)<\/p><\/div><p style=\"font-size: 17px; font-style: normal; font-weight: 400; text-align: center;\">\u00a0<\/p><h4 style=\"text-align: center;\"><span style=\"color: #d4806e;\"><strong>Prenez<\/strong><b> RDV en ligne <span style=\"text-decoration-line: underline;\"><a style=\"color: #d4806e;\" href=\"https:\/\/calendly.com\/lesnuitsdecamille\" target=\"_blank\" rel=\"noopener\">ICI<\/a><\/span><\/b><\/span><\/h4><p style=\"text-align: center;\">ou<\/p><p style=\"text-align: center;\"><span style=\"color: #d4806e;\"><b style=\"font-size: 1.23529rem; font-style: inherit;\"><span style=\"text-decoration: underline;\"><a style=\"color: #d4806e; text-decoration: underline;\" href=\"tel:0664979362\">06 64 97 93 62<\/a><\/span> (appel ou sms)<\/b><b style=\"font-size: 17px; font-style: inherit;\">\u00a0<\/b><\/span><\/p><h5 style=\"text-align: center;\"><span style=\"color: #d4806e;\"><strong><a style=\"color: #d4806e;\" href=\"mailto:contact@lesnuitsdecamille.com\">contact@lesnuitsdecamille.com<\/a><\/strong><\/span><\/h5>\t\t\t\t\t\t\t\t<\/div>\n\t\t\t\t<\/div>\n\t\t\t\t\t<\/div>\n\t\t<\/div>\n\t\t\t\t\t<\/div>\n\t\t<\/section>\n\t\t\t\t<section class=\"elementor-section elementor-top-section elementor-element elementor-element-3b488c0 elementor-section-boxed elementor-section-height-default elementor-section-height-default\" data-id=\"3b488c0\" data-element_type=\"section\">\n\t\t\t\t\t\t<div class=\"elementor-container elementor-column-gap-default\">\n\t\t\t\t\t<div class=\"elementor-column elementor-col-100 elementor-top-column elementor-element elementor-element-689f7e1\" data-id=\"689f7e1\" data-element_type=\"column\">\n\t\t\t<div class=\"elementor-widget-wrap elementor-element-populated\">\n\t\t\t\t\t\t<div class=\"elementor-element elementor-element-fe128d4 elementor-align-center elementor-widget elementor-widget-button\" data-id=\"fe128d4\" data-element_type=\"widget\" data-widget_type=\"button.default\">\n\t\t\t\t<div class=\"elementor-widget-container\">\n\t\t\t\t\t\t\t\t\t<div class=\"elementor-button-wrapper\">\n\t\t\t\t\t<a class=\"elementor-button elementor-button-link elementor-size-sm\" href=\"https:\/\/www.instagram.com\/cam_consultante_sommeil_enfant\/\">\n\t\t\t\t\t\t<span class=\"elementor-button-content-wrapper\">\n\t\t\t\t\t\t\t\t\t<span class=\"elementor-button-text\">Mes conseils sommeil quotidien (sur instagram)<\/span>\n\t\t\t\t\t<\/span>\n\t\t\t\t\t<\/a>\n\t\t\t\t<\/div>\n\t\t\t\t\t\t\t\t<\/div>\n\t\t\t\t<\/div>\n\t\t\t\t\t<\/div>\n\t\t<\/div>\n\t\t\t\t\t<\/div>\n\t\t<\/section>\n\t\t\t\t<section class=\"elementor-section elementor-top-section elementor-element elementor-element-983054d elementor-section-boxed elementor-section-height-default elementor-section-height-default\" data-id=\"983054d\" data-element_type=\"section\">\n\t\t\t\t\t\t<div class=\"elementor-container elementor-column-gap-default\">\n\t\t\t\t\t<div class=\"elementor-column elementor-col-100 elementor-top-column elementor-element elementor-element-9572dfa\" data-id=\"9572dfa\" data-element_type=\"column\">\n\t\t\t<div class=\"elementor-widget-wrap\">\n\t\t\t\t\t\t\t<\/div>\n\t\t<\/div>\n\t\t\t\t\t<\/div>\n\t\t<\/section>\n\t\t\t\t<\/div>\n\t\t","protected":false},"excerpt":{"rendered":"<p>Contact Appel d\u00e9couverte offert &amp; Prise de RDV\u00a0 Vous\u00a0aimeriez faire connaissance avant de d\u00e9buter une consultation ou un accompagnement* ? [&hellip;]<\/p>\n","protected":false},"author":1,"featured_media":0,"parent":0,"menu_order":0,"comment_status":"closed","ping_status":"closed","template":"","meta":{"_uag_custom_page_level_css":"","site-sidebar-layout":"no-sidebar","site-content-layout":"page-builder","ast-site-content-layout":"full-width-container","site-content-style":"unboxed","site-sidebar-style":"unboxed","ast-global-header-display":"","ast-banner-title-visibility":"","ast-main-header-display":"","ast-hfb-above-header-display":"","ast-hfb-below-header-display":"","ast-hfb-mobile-header-display":"","site-post-title":"disabled","ast-breadcrumbs-content":"","ast-featured-img":"disabled","footer-sml-layout":"","ast-disable-related-posts":"","theme-transparent-header-meta":"enabled","adv-header-id-meta":"","stick-header-meta":"","header-above-stick-meta":"","header-main-stick-meta":"","header-below-stick-meta":"","astra-migrate-meta-layouts":"set","ast-page-background-enabled":"default","ast-page-background-meta":{"desktop":{"background-color":"var(--ast-global-color-4)","background-image":"","background-repeat":"repeat","background-position":"center center","background-size":"auto","background-attachment":"scroll","background-type":"","background-media":"","overlay-type":"","overlay-color":"","overlay-opacity":"","overlay-gradient":""},"tablet":{"background-color":"","background-image":"","background-repeat":"repeat","background-position":"center center","background-size":"auto","background-attachment":"scroll","background-type":"","background-media":"","overlay-type":"","overlay-color":"","overlay-opacity":"","overlay-gradient":""},"mobile":{"background-color":"","background-image":"","background-repeat":"repeat","background-position":"center center","background-size":"auto","background-attachment":"scroll","background-type":"","background-media":"","overlay-type":"","overlay-color":"","overlay-opacity":"","overlay-gradient":""}},"ast-content-background-meta":{"desktop":{"background-color":"var(--ast-global-color-5)","background-image":"","background-repeat":"repeat","background-position":"center center","background-size":"auto","background-attachment":"scroll","background-type":"","background-media":"","overlay-type":"","overlay-color":"","overlay-opacity":"","overlay-gradient":""},"tablet":{"background-color":"var(--ast-global-color-5)","background-image":"","background-repeat":"repeat","background-position":"center center","background-size":"auto","background-attachment":"scroll","background-type":"","background-media":"","overlay-type":"","overlay-color":"","overlay-opacity":"","overlay-gradient":""},"mobile":{"background-color":"var(--ast-global-color-5)","background-image":"","background-repeat":"repeat","background-position":"center center","background-size":"auto","background-attachment":"scroll","background-type":"","background-media":"","overlay-type":"","overlay-color":"","overlay-opacity":"","overlay-gradient":""}},"footnotes":""},"class_list":["post-1347","page","type-page","status-publish","hentry"],"yoast_head":"<!-- This site is optimized with the Yoast SEO plugin v25.9 - https:\/\/yoast.com\/wordpress\/plugins\/seo\/ -->\n<title>Sommeil b\u00e9b\u00e9 et enfant : contactez-moi<\/title>\n<meta name=\"description\" content=\"Vous souhaitez accompagner en douceur votre enfant (0-12 ans) \u00e0 faire ses nuits ? Contactez-moi via cette page. Premier RDV offert.\" \/>\n<meta name=\"robots\" content=\"index, follow, max-snippet:-1, max-image-preview:large, max-video-preview:-1\" \/>\n<link rel=\"canonical\" href=\"https:\/\/lesnuitsdecamille.com\/index.php\/contact\/\" \/>\n<meta property=\"og:locale\" content=\"fr_FR\" \/>\n<meta property=\"og:type\" content=\"article\" \/>\n<meta property=\"og:title\" content=\"Sommeil b\u00e9b\u00e9 et enfant : contactez-moi\" \/>\n<meta property=\"og:description\" content=\"Vous souhaitez accompagner en douceur votre enfant (0-12 ans) \u00e0 faire ses nuits ? Contactez-moi via cette page. Premier RDV offert.\" \/>\n<meta property=\"og:url\" content=\"https:\/\/lesnuitsdecamille.com\/index.php\/contact\/\" \/>\n<meta property=\"og:site_name\" content=\"Les nuits de Camille\" \/>\n<meta property=\"article:modified_time\" content=\"2026-01-06T13:00:54+00:00\" \/>\n<meta name=\"twitter:card\" content=\"summary_large_image\" \/>\n<meta name=\"twitter:label1\" content=\"Dur\u00e9e de lecture estim\u00e9e\" \/>\n\t<meta name=\"twitter:data1\" content=\"1 minute\" \/>\n<script type=\"application\/ld+json\" class=\"yoast-schema-graph\">{\"@context\":\"https:\/\/schema.org\",\"@graph\":[{\"@type\":\"WebPage\",\"@id\":\"https:\/\/lesnuitsdecamille.com\/index.php\/contact\/\",\"url\":\"https:\/\/lesnuitsdecamille.com\/index.php\/contact\/\",\"name\":\"Sommeil b\u00e9b\u00e9 et enfant : contactez-moi\",\"isPartOf\":{\"@id\":\"https:\/\/lesnuitsdecamille.com\/#website\"},\"datePublished\":\"2021-11-21T15:14:44+00:00\",\"dateModified\":\"2026-01-06T13:00:54+00:00\",\"description\":\"Vous souhaitez accompagner en douceur votre enfant (0-12 ans) \u00e0 faire ses nuits ? Contactez-moi via cette page. Premier RDV offert.\",\"breadcrumb\":{\"@id\":\"https:\/\/lesnuitsdecamille.com\/index.php\/contact\/#breadcrumb\"},\"inLanguage\":\"fr-FR\",\"potentialAction\":[{\"@type\":\"ReadAction\",\"target\":[\"https:\/\/lesnuitsdecamille.com\/index.php\/contact\/\"]}]},{\"@type\":\"BreadcrumbList\",\"@id\":\"https:\/\/lesnuitsdecamille.com\/index.php\/contact\/#breadcrumb\",\"itemListElement\":[{\"@type\":\"ListItem\",\"position\":1,\"name\":\"Accueil\",\"item\":\"https:\/\/lesnuitsdecamille.com\/\"},{\"@type\":\"ListItem\",\"position\":2,\"name\":\"Contact &#038; R\u00e9seaux sociaux\"}]},{\"@type\":\"WebSite\",\"@id\":\"https:\/\/lesnuitsdecamille.com\/#website\",\"url\":\"https:\/\/lesnuitsdecamille.com\/\",\"name\":\"Les nuits de Camille\",\"description\":\"\",\"publisher\":{\"@id\":\"https:\/\/lesnuitsdecamille.com\/#organization\"},\"potentialAction\":[{\"@type\":\"SearchAction\",\"target\":{\"@type\":\"EntryPoint\",\"urlTemplate\":\"https:\/\/lesnuitsdecamille.com\/?s={search_term_string}\"},\"query-input\":{\"@type\":\"PropertyValueSpecification\",\"valueRequired\":true,\"valueName\":\"search_term_string\"}}],\"inLanguage\":\"fr-FR\"},{\"@type\":\"Organization\",\"@id\":\"https:\/\/lesnuitsdecamille.com\/#organization\",\"name\":\"Les nuits de Camille\",\"url\":\"https:\/\/lesnuitsdecamille.com\/\",\"logo\":{\"@type\":\"ImageObject\",\"inLanguage\":\"fr-FR\",\"@id\":\"https:\/\/lesnuitsdecamille.com\/#\/schema\/logo\/image\/\",\"url\":\"https:\/\/lesnuitsdecamille.com\/wp-content\/uploads\/2023\/09\/Logo-fond-transparent-avec-plus-grosse-ecriture-1.png\",\"contentUrl\":\"https:\/\/lesnuitsdecamille.com\/wp-content\/uploads\/2023\/09\/Logo-fond-transparent-avec-plus-grosse-ecriture-1.png\",\"width\":1563,\"height\":1563,\"caption\":\"Les nuits de Camille\"},\"image\":{\"@id\":\"https:\/\/lesnuitsdecamille.com\/#\/schema\/logo\/image\/\"}}]}<\/script>\n<!-- \/ Yoast SEO plugin. -->","yoast_head_json":{"title":"Sommeil b\u00e9b\u00e9 et enfant : contactez-moi","description":"Vous souhaitez accompagner en douceur votre enfant (0-12 ans) \u00e0 faire ses nuits ? Contactez-moi via cette page. Premier RDV offert.","robots":{"index":"index","follow":"follow","max-snippet":"max-snippet:-1","max-image-preview":"max-image-preview:large","max-video-preview":"max-video-preview:-1"},"canonical":"https:\/\/lesnuitsdecamille.com\/index.php\/contact\/","og_locale":"fr_FR","og_type":"article","og_title":"Sommeil b\u00e9b\u00e9 et enfant : contactez-moi","og_description":"Vous souhaitez accompagner en douceur votre enfant (0-12 ans) \u00e0 faire ses nuits ? Contactez-moi via cette page. Premier RDV offert.","og_url":"https:\/\/lesnuitsdecamille.com\/index.php\/contact\/","og_site_name":"Les nuits de Camille","article_modified_time":"2026-01-06T13:00:54+00:00","twitter_card":"summary_large_image","twitter_misc":{"Dur\u00e9e de lecture estim\u00e9e":"1 minute"},"schema":{"@context":"https:\/\/schema.org","@graph":[{"@type":"WebPage","@id":"https:\/\/lesnuitsdecamille.com\/index.php\/contact\/","url":"https:\/\/lesnuitsdecamille.com\/index.php\/contact\/","name":"Sommeil b\u00e9b\u00e9 et enfant : contactez-moi","isPartOf":{"@id":"https:\/\/lesnuitsdecamille.com\/#website"},"datePublished":"2021-11-21T15:14:44+00:00","dateModified":"2026-01-06T13:00:54+00:00","description":"Vous souhaitez accompagner en douceur votre enfant (0-12 ans) \u00e0 faire ses nuits ? Contactez-moi via cette page. Premier RDV offert.","breadcrumb":{"@id":"https:\/\/lesnuitsdecamille.com\/index.php\/contact\/#breadcrumb"},"inLanguage":"fr-FR","potentialAction":[{"@type":"ReadAction","target":["https:\/\/lesnuitsdecamille.com\/index.php\/contact\/"]}]},{"@type":"BreadcrumbList","@id":"https:\/\/lesnuitsdecamille.com\/index.php\/contact\/#breadcrumb","itemListElement":[{"@type":"ListItem","position":1,"name":"Accueil","item":"https:\/\/lesnuitsdecamille.com\/"},{"@type":"ListItem","position":2,"name":"Contact &#038; R\u00e9seaux sociaux"}]},{"@type":"WebSite","@id":"https:\/\/lesnuitsdecamille.com\/#website","url":"https:\/\/lesnuitsdecamille.com\/","name":"Les nuits de Camille","description":"","publisher":{"@id":"https:\/\/lesnuitsdecamille.com\/#organization"},"potentialAction":[{"@type":"SearchAction","target":{"@type":"EntryPoint","urlTemplate":"https:\/\/lesnuitsdecamille.com\/?s={search_term_string}"},"query-input":{"@type":"PropertyValueSpecification","valueRequired":true,"valueName":"search_term_string"}}],"inLanguage":"fr-FR"},{"@type":"Organization","@id":"https:\/\/lesnuitsdecamille.com\/#organization","name":"Les nuits de Camille","url":"https:\/\/lesnuitsdecamille.com\/","logo":{"@type":"ImageObject","inLanguage":"fr-FR","@id":"https:\/\/lesnuitsdecamille.com\/#\/schema\/logo\/image\/","url":"https:\/\/lesnuitsdecamille.com\/wp-content\/uploads\/2023\/09\/Logo-fond-transparent-avec-plus-grosse-ecriture-1.png","contentUrl":"https:\/\/lesnuitsdecamille.com\/wp-content\/uploads\/2023\/09\/Logo-fond-transparent-avec-plus-grosse-ecriture-1.png","width":1563,"height":1563,"caption":"Les nuits de Camille"},"image":{"@id":"https:\/\/lesnuitsdecamille.com\/#\/schema\/logo\/image\/"}}]}},"uagb_featured_image_src":{"full":false,"thumbnail":false,"medium":false,"medium_large":false,"large":false,"1536x1536":false,"2048x2048":false,"awb_sm":false,"awb_md":false,"awb_lg":false,"awb_xl":false},"uagb_author_info":{"display_name":"lesnuitsdecamille.com","author_link":"https:\/\/lesnuitsdecamille.com\/index.php\/author\/lesnuitsdecamille-com\/"},"uagb_comment_info":0,"uagb_excerpt":"Contact Appel d\u00e9couverte offert &amp; Prise de RDV\u00a0 Vous\u00a0aimeriez faire connaissance avant de d\u00e9buter une consultation ou un accompagnement* ? [&hellip;]","_links":{"self":[{"href":"https:\/\/lesnuitsdecamille.com\/index.php\/wp-json\/wp\/v2\/pages\/1347","targetHints":{"allow":["GET"]}}],"collection":[{"href":"https:\/\/lesnuitsdecamille.com\/index.php\/wp-json\/wp\/v2\/pages"}],"about":[{"href":"https:\/\/lesnuitsdecamille.com\/index.php\/wp-json\/wp\/v2\/types\/page"}],"author":[{"embeddable":true,"href":"https:\/\/lesnuitsdecamille.com\/index.php\/wp-json\/wp\/v2\/users\/1"}],"replies":[{"embeddable":true,"href":"https:\/\/lesnuitsdecamille.com\/index.php\/wp-json\/wp\/v2\/comments?post=1347"}],"version-history":[{"count":113,"href":"https:\/\/lesnuitsdecamille.com\/index.php\/wp-json\/wp\/v2\/pages\/1347\/revisions"}],"predecessor-version":[{"id":3867,"href":"https:\/\/lesnuitsdecamille.com\/index.php\/wp-json\/wp\/v2\/pages\/1347\/revisions\/3867"}],"wp:attachment":[{"href":"https:\/\/lesnuitsdecamille.com\/index.php\/wp-json\/wp\/v2\/media?parent=1347"}],"curies":[{"name":"wp","href":"https:\/\/api.w.org\/{rel}","templated":true}]}}