{"id":1978,"date":"2023-08-25T11:20:44","date_gmt":"2023-08-25T09:20:44","guid":{"rendered":"https:\/\/lesnuitsdecamille.com\/?page_id=1978"},"modified":"2025-02-24T12:16:15","modified_gmt":"2025-02-24T11:16:15","slug":"page-accompagnement-faisons-equipe-2-semaines","status":"publish","type":"page","link":"https:\/\/lesnuitsdecamille.com\/index.php\/page-accompagnement-faisons-equipe-2-semaines\/","title":{"rendered":"Accompagnement  2 semaines"},"content":{"rendered":"\t\t<div data-elementor-type=\"wp-page\" data-elementor-id=\"1978\" class=\"elementor elementor-1978\">\n\t\t\t\t\t\t<section class=\"elementor-section elementor-top-section elementor-element elementor-element-bd34021 elementor-section-boxed elementor-section-height-default elementor-section-height-default\" data-id=\"bd34021\" data-element_type=\"section\">\n\t\t\t\t\t\t<div class=\"elementor-container elementor-column-gap-default\">\n\t\t\t\t\t<div class=\"elementor-column elementor-col-100 elementor-top-column elementor-element elementor-element-4ea4fab\" data-id=\"4ea4fab\" data-element_type=\"column\">\n\t\t\t<div class=\"elementor-widget-wrap elementor-element-populated\">\n\t\t\t\t\t\t<div class=\"elementor-element elementor-element-31b2ca0 elementor-widget elementor-widget-heading\" data-id=\"31b2ca0\" data-element_type=\"widget\" data-widget_type=\"heading.default\">\n\t\t\t\t<div class=\"elementor-widget-container\">\n\t\t\t\t\t<h2 class=\"elementor-heading-title elementor-size-large\">Accompagnement 2 semaines<\/h2>\t\t\t\t<\/div>\n\t\t\t\t<\/div>\n\t\t\t\t\t<\/div>\n\t\t<\/div>\n\t\t\t\t\t<\/div>\n\t\t<\/section>\n\t\t\t\t<section class=\"elementor-section elementor-top-section elementor-element elementor-element-0da7819 elementor-section-boxed elementor-section-height-default elementor-section-height-default\" data-id=\"0da7819\" data-element_type=\"section\">\n\t\t\t\t\t\t<div class=\"elementor-container elementor-column-gap-default\">\n\t\t\t\t\t<div class=\"elementor-column elementor-col-100 elementor-top-column elementor-element elementor-element-7d110df\" data-id=\"7d110df\" data-element_type=\"column\">\n\t\t\t<div class=\"elementor-widget-wrap elementor-element-populated\">\n\t\t\t\t\t\t<div class=\"elementor-element elementor-element-e993a10 elementor-widget elementor-widget-text-editor\" data-id=\"e993a10\" data-element_type=\"widget\" data-widget_type=\"text-editor.default\">\n\t\t\t\t<div class=\"elementor-widget-container\">\n\t\t\t\t\t\t\t\t\t<p><strong>226\u20ac<\/strong> &#8211; 6 mois \u00e0 12 ans<\/p><p><strong><u>Cet accompagnement comprend\u00a0:<\/u><\/strong><\/p><ul><li><strong>Un questionnaire initial <\/strong>afin de\u00a0me permettre de <strong>comprendre finement votre situation<\/strong>, les sources des difficult\u00e9s de sommeil de votre enfant, vos \u00e9motions, vos attentes<\/li><li>L&rsquo;\u00e9criture d&rsquo;un plan de sommeil personnalis\u00e9 \u00e0 votre enfant<\/li><li><strong>Un \u00e9change d\u20191h30<\/strong> pour vous partager le plan de sommeil personnalis\u00e9, \u00e9ventuellement l\u2019ajuster ensemble, et r\u00e9pondre \u00e0 vos questions (+ envoi du plan de sommeil d\u00e9taill\u00e9 suite \u00e0 l\u2019\u00e9change)<\/li><li><strong>Un suivi :<\/strong><\/li><\/ul><p><strong style=\"font-size: 16px;\">\/La mise en place d\u2019un outil de suivi partag\u00e9 (optionnel), <\/strong><span style=\"font-size: 16px;\">afin de suivre les \u00e9volutions du sommeil de votre enfant au jour le jour<\/span><\/p><p><strong>\/2 RDV de suivi t\u00e9l\u00e9phoniques<\/strong> de 30 minutes \u00e0 utiliser au besoin\u00a0<\/p><p><strong>\/Echange illimit\u00e9 via whats app\u00a0ou sms<\/strong> pendant 2 semaines<\/p><ul><li><strong>Echange conclusif\u00a0<\/strong>afin de partager sur les nouveaux acquis de votre enfant + vous donner des conseils personnalis\u00e9s pour la suite<\/li><\/ul><p><strong><u>Conseils avant de commencer l\u2019accompagnement\u00a0:<\/u><\/strong><\/p><p>L\u2019id\u00e9al est d\u2019avoir 2 \u00e0 3 semaines stables* \u00e0 compter de la mise en \u0153uvre du Plan de Sommeil. Cela aidera votre enfant \u00e0 d\u00e9velopper plus facilement de nouvelles habitudes de sommeil.<\/p><p><em>*Sans grand changement majeur dans le quotidien de votre enfant comme des d\u00e9parts en vacances, changements de mode de garde, d\u00e9m\u00e9nagement ect.<\/em><\/p>\t\t\t\t\t\t\t\t<\/div>\n\t\t\t\t<\/div>\n\t\t\t\t\t<\/div>\n\t\t<\/div>\n\t\t\t\t\t<\/div>\n\t\t<\/section>\n\t\t\t\t<section class=\"elementor-section elementor-top-section elementor-element elementor-element-2c4d709 elementor-section-boxed elementor-section-height-default elementor-section-height-default\" data-id=\"2c4d709\" data-element_type=\"section\">\n\t\t\t\t\t\t<div class=\"elementor-container elementor-column-gap-default\">\n\t\t\t\t\t<div class=\"elementor-column elementor-col-100 elementor-top-column elementor-element elementor-element-bb5b3aa\" data-id=\"bb5b3aa\" data-element_type=\"column\">\n\t\t\t<div class=\"elementor-widget-wrap elementor-element-populated\">\n\t\t\t\t\t\t<div class=\"elementor-element elementor-element-9bdb023 elementor-widget elementor-widget-text-editor\" data-id=\"9bdb023\" data-element_type=\"widget\" data-widget_type=\"text-editor.default\">\n\t\t\t\t<div class=\"elementor-widget-container\">\n\t\t\t\t\t\t\t\t\t<h4 style=\"text-align: center;\"><span style=\"color: #d4806e;\"><strong>Prenez<\/strong><b> RDV en ligne <span style=\"text-decoration-line: underline;\"><a style=\"color: #d4806e;\" href=\"https:\/\/calendly.com\/lesnuitsdecamille\/accompagnement-2semaines?back=1&amp;month=2024-10\">ICI<\/a><\/span><\/b><\/span><\/h4><p style=\"text-align: center;\"><span style=\"color: #d4806e;\"><strong>ou contactez-moi directement\u00a0<\/strong><b><a style=\"color: #d4806e;\" href=\"tel:0664979362\">06 64 97 93 62<\/a>\u00a0(appel ou sms)<\/b><b>\u00a0<\/b><\/span><\/p>\t\t\t\t\t\t\t\t<\/div>\n\t\t\t\t<\/div>\n\t\t\t\t\t<\/div>\n\t\t<\/div>\n\t\t\t\t\t<\/div>\n\t\t<\/section>\n\t\t\t\t<\/div>\n\t\t","protected":false},"excerpt":{"rendered":"<p>Accompagnement 2 semaines 226\u20ac &#8211; 6 mois \u00e0 12 ans Cet accompagnement comprend\u00a0: Un questionnaire initial afin de\u00a0me permettre de [&hellip;]<\/p>\n","protected":false},"author":1,"featured_media":1407,"parent":0,"menu_order":2,"comment_status":"closed","ping_status":"closed","template":"elementor_theme","meta":{"_uag_custom_page_level_css":"","site-sidebar-layout":"no-sidebar","site-content-layout":"default","ast-site-content-layout":"default","site-content-style":"default","site-sidebar-style":"default","ast-global-header-display":"","ast-banner-title-visibility":"","ast-main-header-display":"","ast-hfb-above-header-display":"","ast-hfb-below-header-display":"","ast-hfb-mobile-header-display":"","site-post-title":"disabled","ast-breadcrumbs-content":"","ast-featured-img":"disabled","footer-sml-layout":"","ast-disable-related-posts":"","theme-transparent-header-meta":"","adv-header-id-meta":"","stick-header-meta":"","header-above-stick-meta":"","header-main-stick-meta":"","header-below-stick-meta":"","astra-migrate-meta-layouts":"default","ast-page-background-enabled":"default","ast-page-background-meta":{"desktop":{"background-color":"var(--ast-global-color-4)","background-image":"","background-repeat":"repeat","background-position":"center center","background-size":"auto","background-attachment":"scroll","background-type":"","background-media":"","overlay-type":"","overlay-color":"","overlay-opacity":"","overlay-gradient":""},"tablet":{"background-color":"","background-image":"","background-repeat":"repeat","background-position":"center center","background-size":"auto","background-attachment":"scroll","background-type":"","background-media":"","overlay-type":"","overlay-color":"","overlay-opacity":"","overlay-gradient":""},"mobile":{"background-color":"","background-image":"","background-repeat":"repeat","background-position":"center center","background-size":"auto","background-attachment":"scroll","background-type":"","background-media":"","overlay-type":"","overlay-color":"","overlay-opacity":"","overlay-gradient":""}},"ast-content-background-meta":{"desktop":{"background-color":"var(--ast-global-color-5)","background-image":"","background-repeat":"repeat","background-position":"center center","background-size":"auto","background-attachment":"scroll","background-type":"","background-media":"","overlay-type":"","overlay-color":"","overlay-opacity":"","overlay-gradient":""},"tablet":{"background-color":"var(--ast-global-color-5)","background-image":"","background-repeat":"repeat","background-position":"center center","background-size":"auto","background-attachment":"scroll","background-type":"","background-media":"","overlay-type":"","overlay-color":"","overlay-opacity":"","overlay-gradient":""},"mobile":{"background-color":"var(--ast-global-color-5)","background-image":"","background-repeat":"repeat","background-position":"center center","background-size":"auto","background-attachment":"scroll","background-type":"","background-media":"","overlay-type":"","overlay-color":"","overlay-opacity":"","overlay-gradient":""}},"footnotes":""},"class_list":["post-1978","page","type-page","status-publish","has-post-thumbnail","hentry"],"yoast_head":"<!-- This site is optimized with the Yoast SEO plugin v25.9 - https:\/\/yoast.com\/wordpress\/plugins\/seo\/ -->\n<title>Accompagnement 2 semaines - Les nuits de Camille<\/title>\n<meta name=\"robots\" content=\"index, follow, max-snippet:-1, max-image-preview:large, max-video-preview:-1\" \/>\n<link rel=\"canonical\" href=\"https:\/\/lesnuitsdecamille.com\/index.php\/page-accompagnement-faisons-equipe-2-semaines\/\" \/>\n<meta property=\"og:locale\" content=\"fr_FR\" \/>\n<meta property=\"og:type\" content=\"article\" \/>\n<meta property=\"og:title\" content=\"Accompagnement 2 semaines - Les nuits de Camille\" \/>\n<meta property=\"og:description\" content=\"Accompagnement 2 semaines 226\u20ac &#8211; 6 mois \u00e0 12 ans Cet accompagnement comprend\u00a0: Un questionnaire initial afin de\u00a0me permettre de [&hellip;]\" \/>\n<meta property=\"og:url\" content=\"https:\/\/lesnuitsdecamille.com\/index.php\/page-accompagnement-faisons-equipe-2-semaines\/\" \/>\n<meta property=\"og:site_name\" content=\"Les nuits de Camille\" \/>\n<meta property=\"article:modified_time\" content=\"2025-02-24T11:16:15+00:00\" \/>\n<meta property=\"og:image\" content=\"http:\/\/lesnuitsdecamille.com\/wp-content\/uploads\/2023\/06\/baby-child-father-2616673.jpg\" \/>\n\t<meta property=\"og:image:width\" content=\"1280\" \/>\n\t<meta property=\"og:image:height\" content=\"853\" \/>\n\t<meta property=\"og:image:type\" content=\"image\/jpeg\" \/>\n<meta name=\"twitter:card\" content=\"summary_large_image\" \/>\n<meta name=\"twitter:label1\" content=\"Dur\u00e9e de lecture estim\u00e9e\" \/>\n\t<meta name=\"twitter:data1\" content=\"2 minutes\" \/>\n<script type=\"application\/ld+json\" class=\"yoast-schema-graph\">{\"@context\":\"https:\/\/schema.org\",\"@graph\":[{\"@type\":\"WebPage\",\"@id\":\"https:\/\/lesnuitsdecamille.com\/index.php\/page-accompagnement-faisons-equipe-2-semaines\/\",\"url\":\"https:\/\/lesnuitsdecamille.com\/index.php\/page-accompagnement-faisons-equipe-2-semaines\/\",\"name\":\"Accompagnement 2 semaines - Les nuits de Camille\",\"isPartOf\":{\"@id\":\"https:\/\/lesnuitsdecamille.com\/#website\"},\"primaryImageOfPage\":{\"@id\":\"https:\/\/lesnuitsdecamille.com\/index.php\/page-accompagnement-faisons-equipe-2-semaines\/#primaryimage\"},\"image\":{\"@id\":\"https:\/\/lesnuitsdecamille.com\/index.php\/page-accompagnement-faisons-equipe-2-semaines\/#primaryimage\"},\"thumbnailUrl\":\"https:\/\/lesnuitsdecamille.com\/wp-content\/uploads\/2023\/06\/baby-child-father-2616673.jpg\",\"datePublished\":\"2023-08-25T09:20:44+00:00\",\"dateModified\":\"2025-02-24T11:16:15+00:00\",\"breadcrumb\":{\"@id\":\"https:\/\/lesnuitsdecamille.com\/index.php\/page-accompagnement-faisons-equipe-2-semaines\/#breadcrumb\"},\"inLanguage\":\"fr-FR\",\"potentialAction\":[{\"@type\":\"ReadAction\",\"target\":[\"https:\/\/lesnuitsdecamille.com\/index.php\/page-accompagnement-faisons-equipe-2-semaines\/\"]}]},{\"@type\":\"ImageObject\",\"inLanguage\":\"fr-FR\",\"@id\":\"https:\/\/lesnuitsdecamille.com\/index.php\/page-accompagnement-faisons-equipe-2-semaines\/#primaryimage\",\"url\":\"https:\/\/lesnuitsdecamille.com\/wp-content\/uploads\/2023\/06\/baby-child-father-2616673.jpg\",\"contentUrl\":\"https:\/\/lesnuitsdecamille.com\/wp-content\/uploads\/2023\/06\/baby-child-father-2616673.jpg\",\"width\":1280,\"height\":853,\"caption\":\"baby, child, father-2616673.jpg\"},{\"@type\":\"BreadcrumbList\",\"@id\":\"https:\/\/lesnuitsdecamille.com\/index.php\/page-accompagnement-faisons-equipe-2-semaines\/#breadcrumb\",\"itemListElement\":[{\"@type\":\"ListItem\",\"position\":1,\"name\":\"Accueil\",\"item\":\"https:\/\/lesnuitsdecamille.com\/\"},{\"@type\":\"ListItem\",\"position\":2,\"name\":\"Accompagnement 2 semaines\"}]},{\"@type\":\"WebSite\",\"@id\":\"https:\/\/lesnuitsdecamille.com\/#website\",\"url\":\"https:\/\/lesnuitsdecamille.com\/\",\"name\":\"Les nuits de Camille\",\"description\":\"\",\"publisher\":{\"@id\":\"https:\/\/lesnuitsdecamille.com\/#organization\"},\"potentialAction\":[{\"@type\":\"SearchAction\",\"target\":{\"@type\":\"EntryPoint\",\"urlTemplate\":\"https:\/\/lesnuitsdecamille.com\/?s={search_term_string}\"},\"query-input\":{\"@type\":\"PropertyValueSpecification\",\"valueRequired\":true,\"valueName\":\"search_term_string\"}}],\"inLanguage\":\"fr-FR\"},{\"@type\":\"Organization\",\"@id\":\"https:\/\/lesnuitsdecamille.com\/#organization\",\"name\":\"Les nuits de Camille\",\"url\":\"https:\/\/lesnuitsdecamille.com\/\",\"logo\":{\"@type\":\"ImageObject\",\"inLanguage\":\"fr-FR\",\"@id\":\"https:\/\/lesnuitsdecamille.com\/#\/schema\/logo\/image\/\",\"url\":\"https:\/\/lesnuitsdecamille.com\/wp-content\/uploads\/2023\/09\/Logo-fond-transparent-avec-plus-grosse-ecriture-1.png\",\"contentUrl\":\"https:\/\/lesnuitsdecamille.com\/wp-content\/uploads\/2023\/09\/Logo-fond-transparent-avec-plus-grosse-ecriture-1.png\",\"width\":1563,\"height\":1563,\"caption\":\"Les nuits de Camille\"},\"image\":{\"@id\":\"https:\/\/lesnuitsdecamille.com\/#\/schema\/logo\/image\/\"}}]}<\/script>\n<!-- \/ Yoast SEO plugin. -->","yoast_head_json":{"title":"Accompagnement 2 semaines - Les nuits de Camille","robots":{"index":"index","follow":"follow","max-snippet":"max-snippet:-1","max-image-preview":"max-image-preview:large","max-video-preview":"max-video-preview:-1"},"canonical":"https:\/\/lesnuitsdecamille.com\/index.php\/page-accompagnement-faisons-equipe-2-semaines\/","og_locale":"fr_FR","og_type":"article","og_title":"Accompagnement 2 semaines - Les nuits de Camille","og_description":"Accompagnement 2 semaines 226\u20ac &#8211; 6 mois \u00e0 12 ans Cet accompagnement comprend\u00a0: Un questionnaire initial afin de\u00a0me permettre de [&hellip;]","og_url":"https:\/\/lesnuitsdecamille.com\/index.php\/page-accompagnement-faisons-equipe-2-semaines\/","og_site_name":"Les nuits de Camille","article_modified_time":"2025-02-24T11:16:15+00:00","og_image":[{"width":1280,"height":853,"url":"http:\/\/lesnuitsdecamille.com\/wp-content\/uploads\/2023\/06\/baby-child-father-2616673.jpg","type":"image\/jpeg"}],"twitter_card":"summary_large_image","twitter_misc":{"Dur\u00e9e de lecture estim\u00e9e":"2 minutes"},"schema":{"@context":"https:\/\/schema.org","@graph":[{"@type":"WebPage","@id":"https:\/\/lesnuitsdecamille.com\/index.php\/page-accompagnement-faisons-equipe-2-semaines\/","url":"https:\/\/lesnuitsdecamille.com\/index.php\/page-accompagnement-faisons-equipe-2-semaines\/","name":"Accompagnement 2 semaines - Les nuits de Camille","isPartOf":{"@id":"https:\/\/lesnuitsdecamille.com\/#website"},"primaryImageOfPage":{"@id":"https:\/\/lesnuitsdecamille.com\/index.php\/page-accompagnement-faisons-equipe-2-semaines\/#primaryimage"},"image":{"@id":"https:\/\/lesnuitsdecamille.com\/index.php\/page-accompagnement-faisons-equipe-2-semaines\/#primaryimage"},"thumbnailUrl":"https:\/\/lesnuitsdecamille.com\/wp-content\/uploads\/2023\/06\/baby-child-father-2616673.jpg","datePublished":"2023-08-25T09:20:44+00:00","dateModified":"2025-02-24T11:16:15+00:00","breadcrumb":{"@id":"https:\/\/lesnuitsdecamille.com\/index.php\/page-accompagnement-faisons-equipe-2-semaines\/#breadcrumb"},"inLanguage":"fr-FR","potentialAction":[{"@type":"ReadAction","target":["https:\/\/lesnuitsdecamille.com\/index.php\/page-accompagnement-faisons-equipe-2-semaines\/"]}]},{"@type":"ImageObject","inLanguage":"fr-FR","@id":"https:\/\/lesnuitsdecamille.com\/index.php\/page-accompagnement-faisons-equipe-2-semaines\/#primaryimage","url":"https:\/\/lesnuitsdecamille.com\/wp-content\/uploads\/2023\/06\/baby-child-father-2616673.jpg","contentUrl":"https:\/\/lesnuitsdecamille.com\/wp-content\/uploads\/2023\/06\/baby-child-father-2616673.jpg","width":1280,"height":853,"caption":"baby, child, father-2616673.jpg"},{"@type":"BreadcrumbList","@id":"https:\/\/lesnuitsdecamille.com\/index.php\/page-accompagnement-faisons-equipe-2-semaines\/#breadcrumb","itemListElement":[{"@type":"ListItem","position":1,"name":"Accueil","item":"https:\/\/lesnuitsdecamille.com\/"},{"@type":"ListItem","position":2,"name":"Accompagnement 2 semaines"}]},{"@type":"WebSite","@id":"https:\/\/lesnuitsdecamille.com\/#website","url":"https:\/\/lesnuitsdecamille.com\/","name":"Les nuits de Camille","description":"","publisher":{"@id":"https:\/\/lesnuitsdecamille.com\/#organization"},"potentialAction":[{"@type":"SearchAction","target":{"@type":"EntryPoint","urlTemplate":"https:\/\/lesnuitsdecamille.com\/?s={search_term_string}"},"query-input":{"@type":"PropertyValueSpecification","valueRequired":true,"valueName":"search_term_string"}}],"inLanguage":"fr-FR"},{"@type":"Organization","@id":"https:\/\/lesnuitsdecamille.com\/#organization","name":"Les nuits de Camille","url":"https:\/\/lesnuitsdecamille.com\/","logo":{"@type":"ImageObject","inLanguage":"fr-FR","@id":"https:\/\/lesnuitsdecamille.com\/#\/schema\/logo\/image\/","url":"https:\/\/lesnuitsdecamille.com\/wp-content\/uploads\/2023\/09\/Logo-fond-transparent-avec-plus-grosse-ecriture-1.png","contentUrl":"https:\/\/lesnuitsdecamille.com\/wp-content\/uploads\/2023\/09\/Logo-fond-transparent-avec-plus-grosse-ecriture-1.png","width":1563,"height":1563,"caption":"Les nuits de Camille"},"image":{"@id":"https:\/\/lesnuitsdecamille.com\/#\/schema\/logo\/image\/"}}]}},"uagb_featured_image_src":{"full":["https:\/\/lesnuitsdecamille.com\/wp-content\/uploads\/2023\/06\/baby-child-father-2616673.jpg",1280,853,false],"thumbnail":["https:\/\/lesnuitsdecamille.com\/wp-content\/uploads\/2023\/06\/baby-child-father-2616673-150x150.jpg",150,150,true],"medium":["https:\/\/lesnuitsdecamille.com\/wp-content\/uploads\/2023\/06\/baby-child-father-2616673-300x200.jpg",300,200,true],"medium_large":["https:\/\/lesnuitsdecamille.com\/wp-content\/uploads\/2023\/06\/baby-child-father-2616673-768x512.jpg",768,512,true],"large":["https:\/\/lesnuitsdecamille.com\/wp-content\/uploads\/2023\/06\/baby-child-father-2616673-1024x682.jpg",1024,682,true],"1536x1536":["https:\/\/lesnuitsdecamille.com\/wp-content\/uploads\/2023\/06\/baby-child-father-2616673.jpg",1280,853,false],"2048x2048":["https:\/\/lesnuitsdecamille.com\/wp-content\/uploads\/2023\/06\/baby-child-father-2616673.jpg",1280,853,false],"awb_sm":["https:\/\/lesnuitsdecamille.com\/wp-content\/uploads\/2023\/06\/baby-child-father-2616673.jpg",500,333,false],"awb_md":["https:\/\/lesnuitsdecamille.com\/wp-content\/uploads\/2023\/06\/baby-child-father-2616673.jpg",800,533,false],"awb_lg":["https:\/\/lesnuitsdecamille.com\/wp-content\/uploads\/2023\/06\/baby-child-father-2616673.jpg",1280,853,false],"awb_xl":["https:\/\/lesnuitsdecamille.com\/wp-content\/uploads\/2023\/06\/baby-child-father-2616673.jpg",1280,853,false]},"uagb_author_info":{"display_name":"lesnuitsdecamille.com","author_link":"https:\/\/lesnuitsdecamille.com\/index.php\/author\/lesnuitsdecamille-com\/"},"uagb_comment_info":0,"uagb_excerpt":"Accompagnement 2 semaines 226\u20ac &#8211; 6 mois \u00e0 12 ans Cet accompagnement comprend\u00a0: Un questionnaire initial afin de\u00a0me permettre de [&hellip;]","_links":{"self":[{"href":"https:\/\/lesnuitsdecamille.com\/index.php\/wp-json\/wp\/v2\/pages\/1978","targetHints":{"allow":["GET"]}}],"collection":[{"href":"https:\/\/lesnuitsdecamille.com\/index.php\/wp-json\/wp\/v2\/pages"}],"about":[{"href":"https:\/\/lesnuitsdecamille.com\/index.php\/wp-json\/wp\/v2\/types\/page"}],"author":[{"embeddable":true,"href":"https:\/\/lesnuitsdecamille.com\/index.php\/wp-json\/wp\/v2\/users\/1"}],"replies":[{"embeddable":true,"href":"https:\/\/lesnuitsdecamille.com\/index.php\/wp-json\/wp\/v2\/comments?post=1978"}],"version-history":[{"count":50,"href":"https:\/\/lesnuitsdecamille.com\/index.php\/wp-json\/wp\/v2\/pages\/1978\/revisions"}],"predecessor-version":[{"id":3574,"href":"https:\/\/lesnuitsdecamille.com\/index.php\/wp-json\/wp\/v2\/pages\/1978\/revisions\/3574"}],"wp:featuredmedia":[{"embeddable":true,"href":"https:\/\/lesnuitsdecamille.com\/index.php\/wp-json\/wp\/v2\/media\/1407"}],"wp:attachment":[{"href":"https:\/\/lesnuitsdecamille.com\/index.php\/wp-json\/wp\/v2\/media?parent=1978"}],"curies":[{"name":"wp","href":"https:\/\/api.w.org\/{rel}","templated":true}]}}