{"id":2036,"date":"2023-08-28T11:35:34","date_gmt":"2023-08-28T09:35:34","guid":{"rendered":"https:\/\/lesnuitsdecamille.com\/?page_id=2036"},"modified":"2026-02-12T12:25:38","modified_gmt":"2026-02-12T11:25:38","slug":"avis-de-non-responsabilite","status":"publish","type":"page","link":"https:\/\/lesnuitsdecamille.com\/index.php\/avis-de-non-responsabilite\/","title":{"rendered":"Avis de non-responsabilit\u00e9"},"content":{"rendered":"\t\t<div data-elementor-type=\"wp-page\" data-elementor-id=\"2036\" class=\"elementor elementor-2036\">\n\t\t\t\t\t\t<section class=\"elementor-section elementor-top-section elementor-element elementor-element-317e1c7 elementor-section-boxed elementor-section-height-default elementor-section-height-default\" data-id=\"317e1c7\" data-element_type=\"section\">\n\t\t\t\t\t\t<div class=\"elementor-container elementor-column-gap-default\">\n\t\t\t\t\t<div class=\"elementor-column elementor-col-100 elementor-top-column elementor-element elementor-element-73c3b89\" data-id=\"73c3b89\" data-element_type=\"column\">\n\t\t\t<div class=\"elementor-widget-wrap elementor-element-populated\">\n\t\t\t\t\t\t<div class=\"elementor-element elementor-element-5bcfd4f elementor-widget elementor-widget-heading\" data-id=\"5bcfd4f\" data-element_type=\"widget\" data-widget_type=\"heading.default\">\n\t\t\t\t<div class=\"elementor-widget-container\">\n\t\t\t\t\t<h2 class=\"elementor-heading-title elementor-size-default\">Avis de non-responsabilit\u00e9<\/h2>\t\t\t\t<\/div>\n\t\t\t\t<\/div>\n\t\t\t\t\t<\/div>\n\t\t<\/div>\n\t\t\t\t\t<\/div>\n\t\t<\/section>\n\t\t\t\t<section class=\"elementor-section elementor-top-section elementor-element elementor-element-9be0217 elementor-section-boxed elementor-section-height-default elementor-section-height-default\" data-id=\"9be0217\" data-element_type=\"section\">\n\t\t\t\t\t\t<div class=\"elementor-container elementor-column-gap-default\">\n\t\t\t\t\t<div class=\"elementor-column elementor-col-100 elementor-top-column elementor-element elementor-element-7365221\" data-id=\"7365221\" data-element_type=\"column\">\n\t\t\t<div class=\"elementor-widget-wrap elementor-element-populated\">\n\t\t\t\t\t\t<div class=\"elementor-element elementor-element-817f190 elementor-widget elementor-widget-spacer\" data-id=\"817f190\" data-element_type=\"widget\" data-widget_type=\"spacer.default\">\n\t\t\t\t<div class=\"elementor-widget-container\">\n\t\t\t\t\t\t\t<div class=\"elementor-spacer\">\n\t\t\t<div class=\"elementor-spacer-inner\"><\/div>\n\t\t<\/div>\n\t\t\t\t\t\t<\/div>\n\t\t\t\t<\/div>\n\t\t\t\t\t<\/div>\n\t\t<\/div>\n\t\t\t\t\t<\/div>\n\t\t<\/section>\n\t\t\t\t<section class=\"elementor-section elementor-top-section elementor-element elementor-element-9e28e45 elementor-section-boxed elementor-section-height-default elementor-section-height-default\" data-id=\"9e28e45\" data-element_type=\"section\">\n\t\t\t\t\t\t<div class=\"elementor-container elementor-column-gap-default\">\n\t\t\t\t\t<div class=\"elementor-column elementor-col-100 elementor-top-column elementor-element elementor-element-fec535c\" data-id=\"fec535c\" data-element_type=\"column\">\n\t\t\t<div class=\"elementor-widget-wrap elementor-element-populated\">\n\t\t\t\t\t\t<div class=\"elementor-element elementor-element-60486c4 elementor-widget__width-initial elementor-widget elementor-widget-text-editor\" data-id=\"60486c4\" data-element_type=\"widget\" data-widget_type=\"text-editor.default\">\n\t\t\t\t<div class=\"elementor-widget-container\">\n\t\t\t\t\t\t\t\t\t<p><b><span data-contrast=\"none\">Le service Les\u00a0nuits\u00a0de Camille<\/span><\/b><span data-ccp-props=\"{&quot;335551550&quot;:6,&quot;335551620&quot;:6}\">\u00a0<\/span><\/p><p><span data-contrast=\"none\">Mon service n\u2019est pas un avis m\u00e9dical. Les conseils que vous recevez de ma part ne sont pas de nature m\u00e9dicale et il est important de souligner qu\u2019ils ne peuvent se substituer \u00e0 un avis m\u00e9dical le cas \u00e9ch\u00e9ant. Demandez l\u2019avis d\u2019un m\u00e9decin ou autre sp\u00e9cialiste pour toute chose qui demanderait une attention m\u00e9dicale ou un diagnostic d\u2019ordre psychologique particulier.<\/span><span data-ccp-props=\"{&quot;335551550&quot;:6,&quot;335551620&quot;:6}\">\u00a0<\/span><\/p><p><span data-contrast=\"none\">Suivre les conseils d\u00e9livr\u00e9s par Mme Camille DERUETTE (Les nuits de Camille)\u00a0est une d\u00e9marche consciente qui ne se substitue pas \u00e0 votre devoir et \u00e0 vos responsabilit\u00e9s de parents relatifs \u00e0 la s\u00e9curit\u00e9\u00a0et la sant\u00e9\u00a0de votre enfant.<\/span><span data-ccp-props=\"{&quot;335551550&quot;:6,&quot;335551620&quot;:6}\">\u00a0<\/span><\/p><p><span data-ccp-props=\"{&quot;335551550&quot;:6,&quot;335551620&quot;:6}\">\u00a0<\/span><\/p><p><b><span data-contrast=\"none\">Exclusions \/ Limitation de Responsabilit\u00e9<\/span><\/b><span data-ccp-props=\"{&quot;335551550&quot;:6,&quot;335551620&quot;:6}\">\u00a0<\/span><\/p><p><span data-contrast=\"none\">Camille DERUETTE\u00a0ne fait aucune repr\u00e9sentation ou garantie, explicites ou implicites, sur les conseils donn\u00e9s. Les responsabilit\u00e9s de\u00a0Camille DERUETTE, s\u2019il y en a, sont limit\u00e9es aux frais de conseils que vous avez pay\u00e9s \u00e0\u00a0Camille DERUETTE\u00a0et dans aucune circonstance\u00a0Camille DERUETTE\u00a0ne sera responsable d\u2019une r\u00e9clamation, perte ou dommage.\u00a0En cas de litige, les parties s\u2019engagent \u00e0 privil\u00e9gier une r\u00e9solution amiable avant toute action en justice.<\/span><span data-ccp-props=\"{&quot;335551550&quot;:6,&quot;335551620&quot;:6}\">\u00a0<\/span><\/p>\t\t\t\t\t\t\t\t<\/div>\n\t\t\t\t<\/div>\n\t\t\t\t\t<\/div>\n\t\t<\/div>\n\t\t\t\t\t<\/div>\n\t\t<\/section>\n\t\t\t\t<section class=\"elementor-section elementor-top-section elementor-element elementor-element-d8bd7e3 elementor-section-boxed elementor-section-height-default elementor-section-height-default\" data-id=\"d8bd7e3\" data-element_type=\"section\">\n\t\t\t\t\t\t<div class=\"elementor-container elementor-column-gap-default\">\n\t\t\t\t\t<div class=\"elementor-column elementor-col-100 elementor-top-column elementor-element elementor-element-70d6a71\" data-id=\"70d6a71\" data-element_type=\"column\">\n\t\t\t<div class=\"elementor-widget-wrap elementor-element-populated\">\n\t\t\t\t\t\t<div class=\"elementor-element elementor-element-14d9d0e elementor-widget elementor-widget-spacer\" data-id=\"14d9d0e\" data-element_type=\"widget\" data-widget_type=\"spacer.default\">\n\t\t\t\t<div class=\"elementor-widget-container\">\n\t\t\t\t\t\t\t<div class=\"elementor-spacer\">\n\t\t\t<div class=\"elementor-spacer-inner\"><\/div>\n\t\t<\/div>\n\t\t\t\t\t\t<\/div>\n\t\t\t\t<\/div>\n\t\t\t\t\t<\/div>\n\t\t<\/div>\n\t\t\t\t\t<\/div>\n\t\t<\/section>\n\t\t\t\t<\/div>\n\t\t","protected":false},"excerpt":{"rendered":"<p>Avis de non-responsabilit\u00e9 Le service Les\u00a0nuits\u00a0de Camille\u00a0 Mon service n\u2019est pas un avis m\u00e9dical. Les conseils que vous recevez de [&hellip;]<\/p>\n","protected":false},"author":1,"featured_media":0,"parent":0,"menu_order":0,"comment_status":"closed","ping_status":"closed","template":"","meta":{"_uag_custom_page_level_css":"","site-sidebar-layout":"no-sidebar","site-content-layout":"page-builder","ast-site-content-layout":"default","site-content-style":"default","site-sidebar-style":"default","ast-global-header-display":"","ast-banner-title-visibility":"","ast-main-header-display":"","ast-hfb-above-header-display":"","ast-hfb-below-header-display":"","ast-hfb-mobile-header-display":"","site-post-title":"disabled","ast-breadcrumbs-content":"","ast-featured-img":"disabled","footer-sml-layout":"","ast-disable-related-posts":"","theme-transparent-header-meta":"","adv-header-id-meta":"","stick-header-meta":"","header-above-stick-meta":"","header-main-stick-meta":"","header-below-stick-meta":"","astra-migrate-meta-layouts":"set","ast-page-background-enabled":"default","ast-page-background-meta":{"desktop":{"background-color":"var(--ast-global-color-4)","background-image":"","background-repeat":"repeat","background-position":"center center","background-size":"auto","background-attachment":"scroll","background-type":"","background-media":"","overlay-type":"","overlay-color":"","overlay-opacity":"","overlay-gradient":""},"tablet":{"background-color":"","background-image":"","background-repeat":"repeat","background-position":"center center","background-size":"auto","background-attachment":"scroll","background-type":"","background-media":"","overlay-type":"","overlay-color":"","overlay-opacity":"","overlay-gradient":""},"mobile":{"background-color":"","background-image":"","background-repeat":"repeat","background-position":"center center","background-size":"auto","background-attachment":"scroll","background-type":"","background-media":"","overlay-type":"","overlay-color":"","overlay-opacity":"","overlay-gradient":""}},"ast-content-background-meta":{"desktop":{"background-color":"var(--ast-global-color-5)","background-image":"","background-repeat":"repeat","background-position":"center center","background-size":"auto","background-attachment":"scroll","background-type":"","background-media":"","overlay-type":"","overlay-color":"","overlay-opacity":"","overlay-gradient":""},"tablet":{"background-color":"var(--ast-global-color-5)","background-image":"","background-repeat":"repeat","background-position":"center center","background-size":"auto","background-attachment":"scroll","background-type":"","background-media":"","overlay-type":"","overlay-color":"","overlay-opacity":"","overlay-gradient":""},"mobile":{"background-color":"var(--ast-global-color-5)","background-image":"","background-repeat":"repeat","background-position":"center center","background-size":"auto","background-attachment":"scroll","background-type":"","background-media":"","overlay-type":"","overlay-color":"","overlay-opacity":"","overlay-gradient":""}},"footnotes":""},"class_list":["post-2036","page","type-page","status-publish","hentry"],"yoast_head":"<!-- This site is optimized with the Yoast SEO plugin v25.9 - https:\/\/yoast.com\/wordpress\/plugins\/seo\/ -->\n<title>Avis de non-responsabilit\u00e9 - Les nuits de Camille<\/title>\n<meta name=\"robots\" content=\"index, follow, max-snippet:-1, max-image-preview:large, max-video-preview:-1\" \/>\n<link rel=\"canonical\" href=\"https:\/\/lesnuitsdecamille.com\/index.php\/avis-de-non-responsabilite\/\" \/>\n<meta property=\"og:locale\" content=\"fr_FR\" \/>\n<meta property=\"og:type\" content=\"article\" \/>\n<meta property=\"og:title\" content=\"Avis de non-responsabilit\u00e9 - Les nuits de Camille\" \/>\n<meta property=\"og:description\" content=\"Avis de non-responsabilit\u00e9 Le service Les\u00a0nuits\u00a0de Camille\u00a0 Mon service n\u2019est pas un avis m\u00e9dical. Les conseils que vous recevez de [&hellip;]\" \/>\n<meta property=\"og:url\" content=\"https:\/\/lesnuitsdecamille.com\/index.php\/avis-de-non-responsabilite\/\" \/>\n<meta property=\"og:site_name\" content=\"Les nuits de Camille\" \/>\n<meta property=\"article:modified_time\" content=\"2026-02-12T11:25:38+00:00\" \/>\n<meta name=\"twitter:card\" content=\"summary_large_image\" \/>\n<meta name=\"twitter:label1\" content=\"Dur\u00e9e de lecture estim\u00e9e\" \/>\n\t<meta name=\"twitter:data1\" content=\"1 minute\" \/>\n<script type=\"application\/ld+json\" class=\"yoast-schema-graph\">{\"@context\":\"https:\/\/schema.org\",\"@graph\":[{\"@type\":\"WebPage\",\"@id\":\"https:\/\/lesnuitsdecamille.com\/index.php\/avis-de-non-responsabilite\/\",\"url\":\"https:\/\/lesnuitsdecamille.com\/index.php\/avis-de-non-responsabilite\/\",\"name\":\"Avis de non-responsabilit\u00e9 - Les nuits de Camille\",\"isPartOf\":{\"@id\":\"https:\/\/lesnuitsdecamille.com\/#website\"},\"datePublished\":\"2023-08-28T09:35:34+00:00\",\"dateModified\":\"2026-02-12T11:25:38+00:00\",\"breadcrumb\":{\"@id\":\"https:\/\/lesnuitsdecamille.com\/index.php\/avis-de-non-responsabilite\/#breadcrumb\"},\"inLanguage\":\"fr-FR\",\"potentialAction\":[{\"@type\":\"ReadAction\",\"target\":[\"https:\/\/lesnuitsdecamille.com\/index.php\/avis-de-non-responsabilite\/\"]}]},{\"@type\":\"BreadcrumbList\",\"@id\":\"https:\/\/lesnuitsdecamille.com\/index.php\/avis-de-non-responsabilite\/#breadcrumb\",\"itemListElement\":[{\"@type\":\"ListItem\",\"position\":1,\"name\":\"Accueil\",\"item\":\"https:\/\/lesnuitsdecamille.com\/\"},{\"@type\":\"ListItem\",\"position\":2,\"name\":\"Avis de non-responsabilit\u00e9\"}]},{\"@type\":\"WebSite\",\"@id\":\"https:\/\/lesnuitsdecamille.com\/#website\",\"url\":\"https:\/\/lesnuitsdecamille.com\/\",\"name\":\"Les nuits de Camille\",\"description\":\"\",\"publisher\":{\"@id\":\"https:\/\/lesnuitsdecamille.com\/#organization\"},\"potentialAction\":[{\"@type\":\"SearchAction\",\"target\":{\"@type\":\"EntryPoint\",\"urlTemplate\":\"https:\/\/lesnuitsdecamille.com\/?s={search_term_string}\"},\"query-input\":{\"@type\":\"PropertyValueSpecification\",\"valueRequired\":true,\"valueName\":\"search_term_string\"}}],\"inLanguage\":\"fr-FR\"},{\"@type\":\"Organization\",\"@id\":\"https:\/\/lesnuitsdecamille.com\/#organization\",\"name\":\"Les nuits de Camille\",\"url\":\"https:\/\/lesnuitsdecamille.com\/\",\"logo\":{\"@type\":\"ImageObject\",\"inLanguage\":\"fr-FR\",\"@id\":\"https:\/\/lesnuitsdecamille.com\/#\/schema\/logo\/image\/\",\"url\":\"https:\/\/lesnuitsdecamille.com\/wp-content\/uploads\/2023\/09\/Logo-fond-transparent-avec-plus-grosse-ecriture-1.png\",\"contentUrl\":\"https:\/\/lesnuitsdecamille.com\/wp-content\/uploads\/2023\/09\/Logo-fond-transparent-avec-plus-grosse-ecriture-1.png\",\"width\":1563,\"height\":1563,\"caption\":\"Les nuits de Camille\"},\"image\":{\"@id\":\"https:\/\/lesnuitsdecamille.com\/#\/schema\/logo\/image\/\"}}]}<\/script>\n<!-- \/ Yoast SEO plugin. -->","yoast_head_json":{"title":"Avis de non-responsabilit\u00e9 - Les nuits de Camille","robots":{"index":"index","follow":"follow","max-snippet":"max-snippet:-1","max-image-preview":"max-image-preview:large","max-video-preview":"max-video-preview:-1"},"canonical":"https:\/\/lesnuitsdecamille.com\/index.php\/avis-de-non-responsabilite\/","og_locale":"fr_FR","og_type":"article","og_title":"Avis de non-responsabilit\u00e9 - Les nuits de Camille","og_description":"Avis de non-responsabilit\u00e9 Le service Les\u00a0nuits\u00a0de Camille\u00a0 Mon service n\u2019est pas un avis m\u00e9dical. Les conseils que vous recevez de [&hellip;]","og_url":"https:\/\/lesnuitsdecamille.com\/index.php\/avis-de-non-responsabilite\/","og_site_name":"Les nuits de Camille","article_modified_time":"2026-02-12T11:25:38+00:00","twitter_card":"summary_large_image","twitter_misc":{"Dur\u00e9e de lecture estim\u00e9e":"1 minute"},"schema":{"@context":"https:\/\/schema.org","@graph":[{"@type":"WebPage","@id":"https:\/\/lesnuitsdecamille.com\/index.php\/avis-de-non-responsabilite\/","url":"https:\/\/lesnuitsdecamille.com\/index.php\/avis-de-non-responsabilite\/","name":"Avis de non-responsabilit\u00e9 - Les nuits de Camille","isPartOf":{"@id":"https:\/\/lesnuitsdecamille.com\/#website"},"datePublished":"2023-08-28T09:35:34+00:00","dateModified":"2026-02-12T11:25:38+00:00","breadcrumb":{"@id":"https:\/\/lesnuitsdecamille.com\/index.php\/avis-de-non-responsabilite\/#breadcrumb"},"inLanguage":"fr-FR","potentialAction":[{"@type":"ReadAction","target":["https:\/\/lesnuitsdecamille.com\/index.php\/avis-de-non-responsabilite\/"]}]},{"@type":"BreadcrumbList","@id":"https:\/\/lesnuitsdecamille.com\/index.php\/avis-de-non-responsabilite\/#breadcrumb","itemListElement":[{"@type":"ListItem","position":1,"name":"Accueil","item":"https:\/\/lesnuitsdecamille.com\/"},{"@type":"ListItem","position":2,"name":"Avis de non-responsabilit\u00e9"}]},{"@type":"WebSite","@id":"https:\/\/lesnuitsdecamille.com\/#website","url":"https:\/\/lesnuitsdecamille.com\/","name":"Les nuits de Camille","description":"","publisher":{"@id":"https:\/\/lesnuitsdecamille.com\/#organization"},"potentialAction":[{"@type":"SearchAction","target":{"@type":"EntryPoint","urlTemplate":"https:\/\/lesnuitsdecamille.com\/?s={search_term_string}"},"query-input":{"@type":"PropertyValueSpecification","valueRequired":true,"valueName":"search_term_string"}}],"inLanguage":"fr-FR"},{"@type":"Organization","@id":"https:\/\/lesnuitsdecamille.com\/#organization","name":"Les nuits de Camille","url":"https:\/\/lesnuitsdecamille.com\/","logo":{"@type":"ImageObject","inLanguage":"fr-FR","@id":"https:\/\/lesnuitsdecamille.com\/#\/schema\/logo\/image\/","url":"https:\/\/lesnuitsdecamille.com\/wp-content\/uploads\/2023\/09\/Logo-fond-transparent-avec-plus-grosse-ecriture-1.png","contentUrl":"https:\/\/lesnuitsdecamille.com\/wp-content\/uploads\/2023\/09\/Logo-fond-transparent-avec-plus-grosse-ecriture-1.png","width":1563,"height":1563,"caption":"Les nuits de Camille"},"image":{"@id":"https:\/\/lesnuitsdecamille.com\/#\/schema\/logo\/image\/"}}]}},"uagb_featured_image_src":{"full":false,"thumbnail":false,"medium":false,"medium_large":false,"large":false,"1536x1536":false,"2048x2048":false,"awb_sm":false,"awb_md":false,"awb_lg":false,"awb_xl":false},"uagb_author_info":{"display_name":"lesnuitsdecamille.com","author_link":"https:\/\/lesnuitsdecamille.com\/index.php\/author\/lesnuitsdecamille-com\/"},"uagb_comment_info":0,"uagb_excerpt":"Avis de non-responsabilit\u00e9 Le service Les\u00a0nuits\u00a0de Camille\u00a0 Mon service n\u2019est pas un avis m\u00e9dical. Les conseils que vous recevez de [&hellip;]","_links":{"self":[{"href":"https:\/\/lesnuitsdecamille.com\/index.php\/wp-json\/wp\/v2\/pages\/2036","targetHints":{"allow":["GET"]}}],"collection":[{"href":"https:\/\/lesnuitsdecamille.com\/index.php\/wp-json\/wp\/v2\/pages"}],"about":[{"href":"https:\/\/lesnuitsdecamille.com\/index.php\/wp-json\/wp\/v2\/types\/page"}],"author":[{"embeddable":true,"href":"https:\/\/lesnuitsdecamille.com\/index.php\/wp-json\/wp\/v2\/users\/1"}],"replies":[{"embeddable":true,"href":"https:\/\/lesnuitsdecamille.com\/index.php\/wp-json\/wp\/v2\/comments?post=2036"}],"version-history":[{"count":14,"href":"https:\/\/lesnuitsdecamille.com\/index.php\/wp-json\/wp\/v2\/pages\/2036\/revisions"}],"predecessor-version":[{"id":3872,"href":"https:\/\/lesnuitsdecamille.com\/index.php\/wp-json\/wp\/v2\/pages\/2036\/revisions\/3872"}],"wp:attachment":[{"href":"https:\/\/lesnuitsdecamille.com\/index.php\/wp-json\/wp\/v2\/media?parent=2036"}],"curies":[{"name":"wp","href":"https:\/\/api.w.org\/{rel}","templated":true}]}}