{"id":2043,"date":"2023-08-28T11:37:04","date_gmt":"2023-08-28T09:37:04","guid":{"rendered":"https:\/\/lesnuitsdecamille.com\/?page_id=2043"},"modified":"2023-09-05T11:12:40","modified_gmt":"2023-09-05T09:12:40","slug":"politique-de-confidentialite-2","status":"publish","type":"page","link":"https:\/\/lesnuitsdecamille.com\/index.php\/politique-de-confidentialite-2\/","title":{"rendered":"Politique de confidentialit\u00e9"},"content":{"rendered":"\t\t<div data-elementor-type=\"wp-page\" data-elementor-id=\"2043\" class=\"elementor elementor-2043\">\n\t\t\t\t\t\t<section class=\"elementor-section elementor-top-section elementor-element elementor-element-5c23b63 elementor-section-boxed elementor-section-height-default elementor-section-height-default\" data-id=\"5c23b63\" data-element_type=\"section\">\n\t\t\t\t\t\t<div class=\"elementor-container elementor-column-gap-default\">\n\t\t\t\t\t<div class=\"elementor-column elementor-col-100 elementor-top-column elementor-element elementor-element-6717118\" data-id=\"6717118\" data-element_type=\"column\">\n\t\t\t<div class=\"elementor-widget-wrap elementor-element-populated\">\n\t\t\t\t\t\t<div class=\"elementor-element elementor-element-e7e4b61 elementor-widget elementor-widget-heading\" data-id=\"e7e4b61\" data-element_type=\"widget\" data-widget_type=\"heading.default\">\n\t\t\t\t<div class=\"elementor-widget-container\">\n\t\t\t\t\t<h2 class=\"elementor-heading-title elementor-size-default\">Politique de confidentialit\u00e9<\/h2>\t\t\t\t<\/div>\n\t\t\t\t<\/div>\n\t\t\t\t\t<\/div>\n\t\t<\/div>\n\t\t\t\t\t<\/div>\n\t\t<\/section>\n\t\t\t\t<section class=\"elementor-section elementor-top-section elementor-element elementor-element-a4f1fb9 elementor-section-boxed elementor-section-height-default elementor-section-height-default\" data-id=\"a4f1fb9\" data-element_type=\"section\">\n\t\t\t\t\t\t<div class=\"elementor-container elementor-column-gap-default\">\n\t\t\t\t\t<div class=\"elementor-column elementor-col-100 elementor-top-column elementor-element elementor-element-5d3ab03\" data-id=\"5d3ab03\" data-element_type=\"column\">\n\t\t\t<div class=\"elementor-widget-wrap elementor-element-populated\">\n\t\t\t\t\t\t<div class=\"elementor-element elementor-element-36b8296 elementor-widget elementor-widget-text-editor\" data-id=\"36b8296\" data-element_type=\"widget\" data-widget_type=\"text-editor.default\">\n\t\t\t\t<div class=\"elementor-widget-container\">\n\t\t\t\t\t\t\t\t\t<p>En France, les donn\u00e9es personnelles sont notamment prot\u00e9g\u00e9es par la loi n\u00b0 78-87 du 6 janvier 1978, la loi n\u00b0 2004-801 du 6 ao\u00fbt 2004, l\u2019article L. 226-13 du Code p\u00e9nal et la Directive Europ\u00e9enne du 24 octobre 1995.<\/p><p>\u00a0<\/p><p>De mani\u00e8re g\u00e9n\u00e9rale, vous n\u2019\u00eates pas tenu de communiquer vos donn\u00e9es personnelles lorsque vous visitez le site Internet www.lesnuitsdecamille.com. Cependant, ce principe comporte certaines exceptions. En effet, pour certains services propos\u00e9s par ce site, vous pouvez \u00eatre amen\u00e9s \u00e0 communiquer certaines donn\u00e9es telles que : votre nom, adresse \u00e9lectronique, votre num\u00e9ro de t\u00e9l\u00e9phone, (et plus si nous d\u00e9marrons une consultation ensemble). Tel est le cas lorsque vous remplissez le formulaire dans la rubrique \u00ab contact\u00a0\u00bb, que vous commandez un service, ou que vous prenez RDV pour un premier \u00e9change offert.<\/p><p>Ce traitement des donn\u00e9es n\u2019est mis en \u0153uvre qu\u2019\u00e0 des fins de gestion et suivi de la relation de service (dont notamment l\u2019\u00e9change de messages, la facturation ect.).<\/p><p>\u00a0<\/p><p>Dans tous les cas, vous pouvez refuser de fournir vos donn\u00e9es personnelles. Dans ce cas, vous ne pourrez pas utiliser les services du site, notamment celui de solliciter des renseignements sur \u00ab\u00a0Les nuits de Camille\u00a0\u00bb, ou de commander des services.<\/p><p>Les bases de donn\u00e9es sont prot\u00e9g\u00e9es par les dispositions de la loi du 1er juillet 1998 transposant la directive 96\/9 du 11 mars 1996 relative \u00e0 la protection juridique des bases de donn\u00e9es.<\/p><p>Si vous souhaitez acc\u00e9der, modifier ou supprimer les donn\u00e9es personnelles vous concernant, vous pouvez adresser votre demande via le formulaire de contact.<\/p><p>\u00a0<\/p><p><u>Autres informations l\u00e9gales concernant les donn\u00e9es personnelles\u00a0:<\/u><\/p><ul><li>Identit\u00e9 et coordonn\u00e9es de l&rsquo;organisme responsable du traitement informatique des donn\u00e9es personnelles :<\/li><\/ul><p>\u00ab Les nuits de Camille \u00bb<\/p><p><span style=\"font-size: 16px; font-style: normal; font-weight: 400;\">SIRET : 97795681200019<\/span><\/p><p>89 rue du g\u00e9n\u00e9ral de gaulle, Ch\u00e2tenay-Malabry, 92290<\/p><p>06 64 97 93 62<\/p><p>\u00a0<\/p><ul><li>Destinataire des donn\u00e9es personnelles : Camille DERUETTE<\/li><\/ul><p>Je peux conserver vos donn\u00e9es personnelles jusque 3 ans, ce qui me permet d\u2019avoir l\u2019historique de nos \u00e9changes au cas o\u00f9 vous me recontactiez pour une nouvelle consultation.<\/p><p><strong>Si vous souhaitez que je supprime toutes donn\u00e9es personnelles vous concernant, je vous invite \u00e0 m\u2019envoyer une demande via le mail indiqu\u00e9 en pied de page ou via le formulaire de contact.<\/strong><\/p><p>\u00a0<\/p><p>Par exception, les donn\u00e9es de facturation doivent \u00eatre conserv\u00e9es 10 ans en application du Code de commerce.<\/p><p>\u00a0<\/p><ul><li>Vous avez le droit en tant qu\u2019internaute d&rsquo;introduire une r\u00e9clamation aupr\u00e8s de la\u00a0Cnil (Commission nationale de l&rsquo;informatique et des libert\u00e9s).<\/li><\/ul>\t\t\t\t\t\t\t\t<\/div>\n\t\t\t\t<\/div>\n\t\t\t\t\t<\/div>\n\t\t<\/div>\n\t\t\t\t\t<\/div>\n\t\t<\/section>\n\t\t\t\t<\/div>\n\t\t","protected":false},"excerpt":{"rendered":"<p>Politique de confidentialit\u00e9 En France, les donn\u00e9es personnelles sont notamment prot\u00e9g\u00e9es par la loi n\u00b0 78-87 du 6 janvier 1978, [&hellip;]<\/p>\n","protected":false},"author":1,"featured_media":0,"parent":0,"menu_order":0,"comment_status":"closed","ping_status":"closed","template":"","meta":{"_uag_custom_page_level_css":"","site-sidebar-layout":"no-sidebar","site-content-layout":"page-builder","ast-site-content-layout":"default","site-content-style":"default","site-sidebar-style":"default","ast-global-header-display":"","ast-banner-title-visibility":"","ast-main-header-display":"","ast-hfb-above-header-display":"","ast-hfb-below-header-display":"","ast-hfb-mobile-header-display":"","site-post-title":"disabled","ast-breadcrumbs-content":"","ast-featured-img":"disabled","footer-sml-layout":"","ast-disable-related-posts":"","theme-transparent-header-meta":"","adv-header-id-meta":"","stick-header-meta":"","header-above-stick-meta":"","header-main-stick-meta":"","header-below-stick-meta":"","astra-migrate-meta-layouts":"set","ast-page-background-enabled":"default","ast-page-background-meta":{"desktop":{"background-color":"var(--ast-global-color-4)","background-image":"","background-repeat":"repeat","background-position":"center center","background-size":"auto","background-attachment":"scroll","background-type":"","background-media":"","overlay-type":"","overlay-color":"","overlay-opacity":"","overlay-gradient":""},"tablet":{"background-color":"","background-image":"","background-repeat":"repeat","background-position":"center center","background-size":"auto","background-attachment":"scroll","background-type":"","background-media":"","overlay-type":"","overlay-color":"","overlay-opacity":"","overlay-gradient":""},"mobile":{"background-color":"","background-image":"","background-repeat":"repeat","background-position":"center center","background-size":"auto","background-attachment":"scroll","background-type":"","background-media":"","overlay-type":"","overlay-color":"","overlay-opacity":"","overlay-gradient":""}},"ast-content-background-meta":{"desktop":{"background-color":"var(--ast-global-color-5)","background-image":"","background-repeat":"repeat","background-position":"center center","background-size":"auto","background-attachment":"scroll","background-type":"","background-media":"","overlay-type":"","overlay-color":"","overlay-opacity":"","overlay-gradient":""},"tablet":{"background-color":"var(--ast-global-color-5)","background-image":"","background-repeat":"repeat","background-position":"center center","background-size":"auto","background-attachment":"scroll","background-type":"","background-media":"","overlay-type":"","overlay-color":"","overlay-opacity":"","overlay-gradient":""},"mobile":{"background-color":"var(--ast-global-color-5)","background-image":"","background-repeat":"repeat","background-position":"center center","background-size":"auto","background-attachment":"scroll","background-type":"","background-media":"","overlay-type":"","overlay-color":"","overlay-opacity":"","overlay-gradient":""}},"footnotes":""},"class_list":["post-2043","page","type-page","status-publish","hentry"],"yoast_head":"<!-- This site is optimized with the Yoast SEO plugin v25.9 - https:\/\/yoast.com\/wordpress\/plugins\/seo\/ -->\n<title>Politique de confidentialit\u00e9 - Les nuits de Camille<\/title>\n<meta name=\"robots\" content=\"index, follow, max-snippet:-1, max-image-preview:large, max-video-preview:-1\" \/>\n<link rel=\"canonical\" href=\"https:\/\/lesnuitsdecamille.com\/index.php\/politique-de-confidentialite-2\/\" \/>\n<meta property=\"og:locale\" content=\"fr_FR\" \/>\n<meta property=\"og:type\" content=\"article\" \/>\n<meta property=\"og:title\" content=\"Politique de confidentialit\u00e9 - Les nuits de Camille\" \/>\n<meta property=\"og:description\" content=\"Politique de confidentialit\u00e9 En France, les donn\u00e9es personnelles sont notamment prot\u00e9g\u00e9es par la loi n\u00b0 78-87 du 6 janvier 1978, [&hellip;]\" \/>\n<meta property=\"og:url\" content=\"https:\/\/lesnuitsdecamille.com\/index.php\/politique-de-confidentialite-2\/\" \/>\n<meta property=\"og:site_name\" content=\"Les nuits de Camille\" \/>\n<meta property=\"article:modified_time\" content=\"2023-09-05T09:12:40+00:00\" \/>\n<meta name=\"twitter:card\" content=\"summary_large_image\" \/>\n<meta name=\"twitter:label1\" content=\"Dur\u00e9e de lecture estim\u00e9e\" \/>\n\t<meta name=\"twitter:data1\" content=\"2 minutes\" \/>\n<script type=\"application\/ld+json\" class=\"yoast-schema-graph\">{\"@context\":\"https:\/\/schema.org\",\"@graph\":[{\"@type\":\"WebPage\",\"@id\":\"https:\/\/lesnuitsdecamille.com\/index.php\/politique-de-confidentialite-2\/\",\"url\":\"https:\/\/lesnuitsdecamille.com\/index.php\/politique-de-confidentialite-2\/\",\"name\":\"Politique de confidentialit\u00e9 - Les nuits de Camille\",\"isPartOf\":{\"@id\":\"https:\/\/lesnuitsdecamille.com\/#website\"},\"datePublished\":\"2023-08-28T09:37:04+00:00\",\"dateModified\":\"2023-09-05T09:12:40+00:00\",\"breadcrumb\":{\"@id\":\"https:\/\/lesnuitsdecamille.com\/index.php\/politique-de-confidentialite-2\/#breadcrumb\"},\"inLanguage\":\"fr-FR\",\"potentialAction\":[{\"@type\":\"ReadAction\",\"target\":[\"https:\/\/lesnuitsdecamille.com\/index.php\/politique-de-confidentialite-2\/\"]}]},{\"@type\":\"BreadcrumbList\",\"@id\":\"https:\/\/lesnuitsdecamille.com\/index.php\/politique-de-confidentialite-2\/#breadcrumb\",\"itemListElement\":[{\"@type\":\"ListItem\",\"position\":1,\"name\":\"Accueil\",\"item\":\"https:\/\/lesnuitsdecamille.com\/\"},{\"@type\":\"ListItem\",\"position\":2,\"name\":\"Politique de confidentialit\u00e9\"}]},{\"@type\":\"WebSite\",\"@id\":\"https:\/\/lesnuitsdecamille.com\/#website\",\"url\":\"https:\/\/lesnuitsdecamille.com\/\",\"name\":\"Les nuits de Camille\",\"description\":\"\",\"publisher\":{\"@id\":\"https:\/\/lesnuitsdecamille.com\/#organization\"},\"potentialAction\":[{\"@type\":\"SearchAction\",\"target\":{\"@type\":\"EntryPoint\",\"urlTemplate\":\"https:\/\/lesnuitsdecamille.com\/?s={search_term_string}\"},\"query-input\":{\"@type\":\"PropertyValueSpecification\",\"valueRequired\":true,\"valueName\":\"search_term_string\"}}],\"inLanguage\":\"fr-FR\"},{\"@type\":\"Organization\",\"@id\":\"https:\/\/lesnuitsdecamille.com\/#organization\",\"name\":\"Les nuits de Camille\",\"url\":\"https:\/\/lesnuitsdecamille.com\/\",\"logo\":{\"@type\":\"ImageObject\",\"inLanguage\":\"fr-FR\",\"@id\":\"https:\/\/lesnuitsdecamille.com\/#\/schema\/logo\/image\/\",\"url\":\"https:\/\/lesnuitsdecamille.com\/wp-content\/uploads\/2023\/09\/Logo-fond-transparent-avec-plus-grosse-ecriture-1.png\",\"contentUrl\":\"https:\/\/lesnuitsdecamille.com\/wp-content\/uploads\/2023\/09\/Logo-fond-transparent-avec-plus-grosse-ecriture-1.png\",\"width\":1563,\"height\":1563,\"caption\":\"Les nuits de Camille\"},\"image\":{\"@id\":\"https:\/\/lesnuitsdecamille.com\/#\/schema\/logo\/image\/\"}}]}<\/script>\n<!-- \/ Yoast SEO plugin. -->","yoast_head_json":{"title":"Politique de confidentialit\u00e9 - Les nuits de Camille","robots":{"index":"index","follow":"follow","max-snippet":"max-snippet:-1","max-image-preview":"max-image-preview:large","max-video-preview":"max-video-preview:-1"},"canonical":"https:\/\/lesnuitsdecamille.com\/index.php\/politique-de-confidentialite-2\/","og_locale":"fr_FR","og_type":"article","og_title":"Politique de confidentialit\u00e9 - Les nuits de Camille","og_description":"Politique de confidentialit\u00e9 En France, les donn\u00e9es personnelles sont notamment prot\u00e9g\u00e9es par la loi n\u00b0 78-87 du 6 janvier 1978, [&hellip;]","og_url":"https:\/\/lesnuitsdecamille.com\/index.php\/politique-de-confidentialite-2\/","og_site_name":"Les nuits de Camille","article_modified_time":"2023-09-05T09:12:40+00:00","twitter_card":"summary_large_image","twitter_misc":{"Dur\u00e9e de lecture estim\u00e9e":"2 minutes"},"schema":{"@context":"https:\/\/schema.org","@graph":[{"@type":"WebPage","@id":"https:\/\/lesnuitsdecamille.com\/index.php\/politique-de-confidentialite-2\/","url":"https:\/\/lesnuitsdecamille.com\/index.php\/politique-de-confidentialite-2\/","name":"Politique de confidentialit\u00e9 - Les nuits de Camille","isPartOf":{"@id":"https:\/\/lesnuitsdecamille.com\/#website"},"datePublished":"2023-08-28T09:37:04+00:00","dateModified":"2023-09-05T09:12:40+00:00","breadcrumb":{"@id":"https:\/\/lesnuitsdecamille.com\/index.php\/politique-de-confidentialite-2\/#breadcrumb"},"inLanguage":"fr-FR","potentialAction":[{"@type":"ReadAction","target":["https:\/\/lesnuitsdecamille.com\/index.php\/politique-de-confidentialite-2\/"]}]},{"@type":"BreadcrumbList","@id":"https:\/\/lesnuitsdecamille.com\/index.php\/politique-de-confidentialite-2\/#breadcrumb","itemListElement":[{"@type":"ListItem","position":1,"name":"Accueil","item":"https:\/\/lesnuitsdecamille.com\/"},{"@type":"ListItem","position":2,"name":"Politique de confidentialit\u00e9"}]},{"@type":"WebSite","@id":"https:\/\/lesnuitsdecamille.com\/#website","url":"https:\/\/lesnuitsdecamille.com\/","name":"Les nuits de Camille","description":"","publisher":{"@id":"https:\/\/lesnuitsdecamille.com\/#organization"},"potentialAction":[{"@type":"SearchAction","target":{"@type":"EntryPoint","urlTemplate":"https:\/\/lesnuitsdecamille.com\/?s={search_term_string}"},"query-input":{"@type":"PropertyValueSpecification","valueRequired":true,"valueName":"search_term_string"}}],"inLanguage":"fr-FR"},{"@type":"Organization","@id":"https:\/\/lesnuitsdecamille.com\/#organization","name":"Les nuits de Camille","url":"https:\/\/lesnuitsdecamille.com\/","logo":{"@type":"ImageObject","inLanguage":"fr-FR","@id":"https:\/\/lesnuitsdecamille.com\/#\/schema\/logo\/image\/","url":"https:\/\/lesnuitsdecamille.com\/wp-content\/uploads\/2023\/09\/Logo-fond-transparent-avec-plus-grosse-ecriture-1.png","contentUrl":"https:\/\/lesnuitsdecamille.com\/wp-content\/uploads\/2023\/09\/Logo-fond-transparent-avec-plus-grosse-ecriture-1.png","width":1563,"height":1563,"caption":"Les nuits de Camille"},"image":{"@id":"https:\/\/lesnuitsdecamille.com\/#\/schema\/logo\/image\/"}}]}},"uagb_featured_image_src":{"full":false,"thumbnail":false,"medium":false,"medium_large":false,"large":false,"1536x1536":false,"2048x2048":false,"awb_sm":false,"awb_md":false,"awb_lg":false,"awb_xl":false},"uagb_author_info":{"display_name":"lesnuitsdecamille.com","author_link":"https:\/\/lesnuitsdecamille.com\/index.php\/author\/lesnuitsdecamille-com\/"},"uagb_comment_info":0,"uagb_excerpt":"Politique de confidentialit\u00e9 En France, les donn\u00e9es personnelles sont notamment prot\u00e9g\u00e9es par la loi n\u00b0 78-87 du 6 janvier 1978, [&hellip;]","_links":{"self":[{"href":"https:\/\/lesnuitsdecamille.com\/index.php\/wp-json\/wp\/v2\/pages\/2043","targetHints":{"allow":["GET"]}}],"collection":[{"href":"https:\/\/lesnuitsdecamille.com\/index.php\/wp-json\/wp\/v2\/pages"}],"about":[{"href":"https:\/\/lesnuitsdecamille.com\/index.php\/wp-json\/wp\/v2\/types\/page"}],"author":[{"embeddable":true,"href":"https:\/\/lesnuitsdecamille.com\/index.php\/wp-json\/wp\/v2\/users\/1"}],"replies":[{"embeddable":true,"href":"https:\/\/lesnuitsdecamille.com\/index.php\/wp-json\/wp\/v2\/comments?post=2043"}],"version-history":[{"count":10,"href":"https:\/\/lesnuitsdecamille.com\/index.php\/wp-json\/wp\/v2\/pages\/2043\/revisions"}],"predecessor-version":[{"id":2608,"href":"https:\/\/lesnuitsdecamille.com\/index.php\/wp-json\/wp\/v2\/pages\/2043\/revisions\/2608"}],"wp:attachment":[{"href":"https:\/\/lesnuitsdecamille.com\/index.php\/wp-json\/wp\/v2\/media?parent=2043"}],"curies":[{"name":"wp","href":"https:\/\/api.w.org\/{rel}","templated":true}]}}