{"id":3488,"date":"2025-01-09T11:38:59","date_gmt":"2025-01-09T10:38:59","guid":{"rendered":"https:\/\/lesnuitsdecamille.com\/?page_id=3488"},"modified":"2025-01-09T11:41:02","modified_gmt":"2025-01-09T10:41:02","slug":"merci-de-votre-reservation","status":"publish","type":"page","link":"https:\/\/lesnuitsdecamille.com\/index.php\/merci-de-votre-reservation\/","title":{"rendered":"Merci de votre r\u00e9servation ! Un mail de confirmation avec invitation agenda vient de vous \u00eatre envoy\u00e9 :)"},"content":{"rendered":"\t\t<div data-elementor-type=\"wp-page\" data-elementor-id=\"3488\" class=\"elementor elementor-3488\">\n\t\t\t\t\t\t<section class=\"elementor-section elementor-top-section elementor-element elementor-element-3155c4c elementor-section-boxed elementor-section-height-default elementor-section-height-default\" data-id=\"3155c4c\" data-element_type=\"section\">\n\t\t\t\t\t\t<div class=\"elementor-container elementor-column-gap-default\">\n\t\t\t\t\t<div class=\"elementor-column elementor-col-100 elementor-top-column elementor-element elementor-element-976eb3a\" data-id=\"976eb3a\" data-element_type=\"column\">\n\t\t\t<div class=\"elementor-widget-wrap elementor-element-populated\">\n\t\t\t\t\t\t<div class=\"elementor-element elementor-element-7feafe4 elementor-widget elementor-widget-text-editor\" data-id=\"7feafe4\" data-element_type=\"widget\" data-widget_type=\"text-editor.default\">\n\t\t\t\t<div class=\"elementor-widget-container\">\n\t\t\t\t\t\t\t\t\t<h3>Merci de votre r\u00e9servation !<\/h3><h3>Un mail de confirmation, avec invitation agenda, vient de vous \u00eatre envoy\u00e9.\u00a0<\/h3>\t\t\t\t\t\t\t\t<\/div>\n\t\t\t\t<\/div>\n\t\t\t\t\t<\/div>\n\t\t<\/div>\n\t\t\t\t\t<\/div>\n\t\t<\/section>\n\t\t\t\t<\/div>\n\t\t","protected":false},"excerpt":{"rendered":"<p>Merci de votre r\u00e9servation ! Un mail de confirmation, avec invitation agenda, vient de vous \u00eatre envoy\u00e9.\u00a0<\/p>\n","protected":false},"author":1,"featured_media":0,"parent":0,"menu_order":0,"comment_status":"closed","ping_status":"closed","template":"","meta":{"_uag_custom_page_level_css":"","site-sidebar-layout":"no-sidebar","site-content-layout":"page-builder","ast-site-content-layout":"full-width-container","site-content-style":"unboxed","site-sidebar-style":"unboxed","ast-global-header-display":"","ast-banner-title-visibility":"","ast-main-header-display":"","ast-hfb-above-header-display":"","ast-hfb-below-header-display":"","ast-hfb-mobile-header-display":"","site-post-title":"disabled","ast-breadcrumbs-content":"","ast-featured-img":"disabled","footer-sml-layout":"","ast-disable-related-posts":"","theme-transparent-header-meta":"","adv-header-id-meta":"","stick-header-meta":"","header-above-stick-meta":"","header-main-stick-meta":"","header-below-stick-meta":"","astra-migrate-meta-layouts":"set","ast-page-background-enabled":"default","ast-page-background-meta":{"desktop":{"background-color":"var(--ast-global-color-4)","background-image":"","background-repeat":"repeat","background-position":"center center","background-size":"auto","background-attachment":"scroll","background-type":"","background-media":"","overlay-type":"","overlay-color":"","overlay-opacity":"","overlay-gradient":""},"tablet":{"background-color":"","background-image":"","background-repeat":"repeat","background-position":"center center","background-size":"auto","background-attachment":"scroll","background-type":"","background-media":"","overlay-type":"","overlay-color":"","overlay-opacity":"","overlay-gradient":""},"mobile":{"background-color":"","background-image":"","background-repeat":"repeat","background-position":"center center","background-size":"auto","background-attachment":"scroll","background-type":"","background-media":"","overlay-type":"","overlay-color":"","overlay-opacity":"","overlay-gradient":""}},"ast-content-background-meta":{"desktop":{"background-color":"var(--ast-global-color-5)","background-image":"","background-repeat":"repeat","background-position":"center center","background-size":"auto","background-attachment":"scroll","background-type":"","background-media":"","overlay-type":"","overlay-color":"","overlay-opacity":"","overlay-gradient":""},"tablet":{"background-color":"var(--ast-global-color-5)","background-image":"","background-repeat":"repeat","background-position":"center center","background-size":"auto","background-attachment":"scroll","background-type":"","background-media":"","overlay-type":"","overlay-color":"","overlay-opacity":"","overlay-gradient":""},"mobile":{"background-color":"var(--ast-global-color-5)","background-image":"","background-repeat":"repeat","background-position":"center center","background-size":"auto","background-attachment":"scroll","background-type":"","background-media":"","overlay-type":"","overlay-color":"","overlay-opacity":"","overlay-gradient":""}},"footnotes":""},"class_list":["post-3488","page","type-page","status-publish","hentry"],"yoast_head":"<!-- This site is optimized with the Yoast SEO plugin v25.9 - https:\/\/yoast.com\/wordpress\/plugins\/seo\/ -->\n<title>Merci de votre r\u00e9servation ! Un mail de confirmation avec invitation agenda vient de vous \u00eatre envoy\u00e9 :) - Les nuits de Camille<\/title>\n<meta name=\"robots\" content=\"index, follow, max-snippet:-1, max-image-preview:large, max-video-preview:-1\" \/>\n<link rel=\"canonical\" href=\"https:\/\/lesnuitsdecamille.com\/index.php\/merci-de-votre-reservation\/\" \/>\n<meta property=\"og:locale\" content=\"fr_FR\" \/>\n<meta property=\"og:type\" content=\"article\" \/>\n<meta property=\"og:title\" content=\"Merci de votre r\u00e9servation ! Un mail de confirmation avec invitation agenda vient de vous \u00eatre envoy\u00e9 :) - Les nuits de Camille\" \/>\n<meta property=\"og:description\" content=\"Merci de votre r\u00e9servation ! Un mail de confirmation, avec invitation agenda, vient de vous \u00eatre envoy\u00e9.\u00a0\" \/>\n<meta property=\"og:url\" content=\"https:\/\/lesnuitsdecamille.com\/index.php\/merci-de-votre-reservation\/\" \/>\n<meta property=\"og:site_name\" content=\"Les nuits de Camille\" \/>\n<meta property=\"article:modified_time\" content=\"2025-01-09T10:41:02+00:00\" \/>\n<meta name=\"twitter:card\" content=\"summary_large_image\" \/>\n<meta name=\"twitter:label1\" content=\"Dur\u00e9e de lecture estim\u00e9e\" \/>\n\t<meta name=\"twitter:data1\" content=\"1 minute\" \/>\n<script type=\"application\/ld+json\" class=\"yoast-schema-graph\">{\"@context\":\"https:\/\/schema.org\",\"@graph\":[{\"@type\":\"WebPage\",\"@id\":\"https:\/\/lesnuitsdecamille.com\/index.php\/merci-de-votre-reservation\/\",\"url\":\"https:\/\/lesnuitsdecamille.com\/index.php\/merci-de-votre-reservation\/\",\"name\":\"Merci de votre r\u00e9servation ! Un mail de confirmation avec invitation agenda vient de vous \u00eatre envoy\u00e9 :) - Les nuits de Camille\",\"isPartOf\":{\"@id\":\"https:\/\/lesnuitsdecamille.com\/#website\"},\"datePublished\":\"2025-01-09T10:38:59+00:00\",\"dateModified\":\"2025-01-09T10:41:02+00:00\",\"breadcrumb\":{\"@id\":\"https:\/\/lesnuitsdecamille.com\/index.php\/merci-de-votre-reservation\/#breadcrumb\"},\"inLanguage\":\"fr-FR\",\"potentialAction\":[{\"@type\":\"ReadAction\",\"target\":[\"https:\/\/lesnuitsdecamille.com\/index.php\/merci-de-votre-reservation\/\"]}]},{\"@type\":\"BreadcrumbList\",\"@id\":\"https:\/\/lesnuitsdecamille.com\/index.php\/merci-de-votre-reservation\/#breadcrumb\",\"itemListElement\":[{\"@type\":\"ListItem\",\"position\":1,\"name\":\"Accueil\",\"item\":\"https:\/\/lesnuitsdecamille.com\/\"},{\"@type\":\"ListItem\",\"position\":2,\"name\":\"Merci de votre r\u00e9servation ! Un mail de confirmation avec invitation agenda vient de vous \u00eatre envoy\u00e9 :)\"}]},{\"@type\":\"WebSite\",\"@id\":\"https:\/\/lesnuitsdecamille.com\/#website\",\"url\":\"https:\/\/lesnuitsdecamille.com\/\",\"name\":\"Les nuits de Camille\",\"description\":\"\",\"publisher\":{\"@id\":\"https:\/\/lesnuitsdecamille.com\/#organization\"},\"potentialAction\":[{\"@type\":\"SearchAction\",\"target\":{\"@type\":\"EntryPoint\",\"urlTemplate\":\"https:\/\/lesnuitsdecamille.com\/?s={search_term_string}\"},\"query-input\":{\"@type\":\"PropertyValueSpecification\",\"valueRequired\":true,\"valueName\":\"search_term_string\"}}],\"inLanguage\":\"fr-FR\"},{\"@type\":\"Organization\",\"@id\":\"https:\/\/lesnuitsdecamille.com\/#organization\",\"name\":\"Les nuits de Camille\",\"url\":\"https:\/\/lesnuitsdecamille.com\/\",\"logo\":{\"@type\":\"ImageObject\",\"inLanguage\":\"fr-FR\",\"@id\":\"https:\/\/lesnuitsdecamille.com\/#\/schema\/logo\/image\/\",\"url\":\"https:\/\/lesnuitsdecamille.com\/wp-content\/uploads\/2023\/09\/Logo-fond-transparent-avec-plus-grosse-ecriture-1.png\",\"contentUrl\":\"https:\/\/lesnuitsdecamille.com\/wp-content\/uploads\/2023\/09\/Logo-fond-transparent-avec-plus-grosse-ecriture-1.png\",\"width\":1563,\"height\":1563,\"caption\":\"Les nuits de Camille\"},\"image\":{\"@id\":\"https:\/\/lesnuitsdecamille.com\/#\/schema\/logo\/image\/\"}}]}<\/script>\n<!-- \/ Yoast SEO plugin. -->","yoast_head_json":{"title":"Merci de votre r\u00e9servation ! Un mail de confirmation avec invitation agenda vient de vous \u00eatre envoy\u00e9 :) - Les nuits de Camille","robots":{"index":"index","follow":"follow","max-snippet":"max-snippet:-1","max-image-preview":"max-image-preview:large","max-video-preview":"max-video-preview:-1"},"canonical":"https:\/\/lesnuitsdecamille.com\/index.php\/merci-de-votre-reservation\/","og_locale":"fr_FR","og_type":"article","og_title":"Merci de votre r\u00e9servation ! Un mail de confirmation avec invitation agenda vient de vous \u00eatre envoy\u00e9 :) - Les nuits de Camille","og_description":"Merci de votre r\u00e9servation ! Un mail de confirmation, avec invitation agenda, vient de vous \u00eatre envoy\u00e9.\u00a0","og_url":"https:\/\/lesnuitsdecamille.com\/index.php\/merci-de-votre-reservation\/","og_site_name":"Les nuits de Camille","article_modified_time":"2025-01-09T10:41:02+00:00","twitter_card":"summary_large_image","twitter_misc":{"Dur\u00e9e de lecture estim\u00e9e":"1 minute"},"schema":{"@context":"https:\/\/schema.org","@graph":[{"@type":"WebPage","@id":"https:\/\/lesnuitsdecamille.com\/index.php\/merci-de-votre-reservation\/","url":"https:\/\/lesnuitsdecamille.com\/index.php\/merci-de-votre-reservation\/","name":"Merci de votre r\u00e9servation ! Un mail de confirmation avec invitation agenda vient de vous \u00eatre envoy\u00e9 :) - Les nuits de Camille","isPartOf":{"@id":"https:\/\/lesnuitsdecamille.com\/#website"},"datePublished":"2025-01-09T10:38:59+00:00","dateModified":"2025-01-09T10:41:02+00:00","breadcrumb":{"@id":"https:\/\/lesnuitsdecamille.com\/index.php\/merci-de-votre-reservation\/#breadcrumb"},"inLanguage":"fr-FR","potentialAction":[{"@type":"ReadAction","target":["https:\/\/lesnuitsdecamille.com\/index.php\/merci-de-votre-reservation\/"]}]},{"@type":"BreadcrumbList","@id":"https:\/\/lesnuitsdecamille.com\/index.php\/merci-de-votre-reservation\/#breadcrumb","itemListElement":[{"@type":"ListItem","position":1,"name":"Accueil","item":"https:\/\/lesnuitsdecamille.com\/"},{"@type":"ListItem","position":2,"name":"Merci de votre r\u00e9servation ! Un mail de confirmation avec invitation agenda vient de vous \u00eatre envoy\u00e9 :)"}]},{"@type":"WebSite","@id":"https:\/\/lesnuitsdecamille.com\/#website","url":"https:\/\/lesnuitsdecamille.com\/","name":"Les nuits de Camille","description":"","publisher":{"@id":"https:\/\/lesnuitsdecamille.com\/#organization"},"potentialAction":[{"@type":"SearchAction","target":{"@type":"EntryPoint","urlTemplate":"https:\/\/lesnuitsdecamille.com\/?s={search_term_string}"},"query-input":{"@type":"PropertyValueSpecification","valueRequired":true,"valueName":"search_term_string"}}],"inLanguage":"fr-FR"},{"@type":"Organization","@id":"https:\/\/lesnuitsdecamille.com\/#organization","name":"Les nuits de Camille","url":"https:\/\/lesnuitsdecamille.com\/","logo":{"@type":"ImageObject","inLanguage":"fr-FR","@id":"https:\/\/lesnuitsdecamille.com\/#\/schema\/logo\/image\/","url":"https:\/\/lesnuitsdecamille.com\/wp-content\/uploads\/2023\/09\/Logo-fond-transparent-avec-plus-grosse-ecriture-1.png","contentUrl":"https:\/\/lesnuitsdecamille.com\/wp-content\/uploads\/2023\/09\/Logo-fond-transparent-avec-plus-grosse-ecriture-1.png","width":1563,"height":1563,"caption":"Les nuits de Camille"},"image":{"@id":"https:\/\/lesnuitsdecamille.com\/#\/schema\/logo\/image\/"}}]}},"uagb_featured_image_src":{"full":false,"thumbnail":false,"medium":false,"medium_large":false,"large":false,"1536x1536":false,"2048x2048":false,"awb_sm":false,"awb_md":false,"awb_lg":false,"awb_xl":false},"uagb_author_info":{"display_name":"lesnuitsdecamille.com","author_link":"https:\/\/lesnuitsdecamille.com\/index.php\/author\/lesnuitsdecamille-com\/"},"uagb_comment_info":0,"uagb_excerpt":"Merci de votre r\u00e9servation ! Un mail de confirmation, avec invitation agenda, vient de vous \u00eatre envoy\u00e9.\u00a0","_links":{"self":[{"href":"https:\/\/lesnuitsdecamille.com\/index.php\/wp-json\/wp\/v2\/pages\/3488","targetHints":{"allow":["GET"]}}],"collection":[{"href":"https:\/\/lesnuitsdecamille.com\/index.php\/wp-json\/wp\/v2\/pages"}],"about":[{"href":"https:\/\/lesnuitsdecamille.com\/index.php\/wp-json\/wp\/v2\/types\/page"}],"author":[{"embeddable":true,"href":"https:\/\/lesnuitsdecamille.com\/index.php\/wp-json\/wp\/v2\/users\/1"}],"replies":[{"embeddable":true,"href":"https:\/\/lesnuitsdecamille.com\/index.php\/wp-json\/wp\/v2\/comments?post=3488"}],"version-history":[{"count":7,"href":"https:\/\/lesnuitsdecamille.com\/index.php\/wp-json\/wp\/v2\/pages\/3488\/revisions"}],"predecessor-version":[{"id":3496,"href":"https:\/\/lesnuitsdecamille.com\/index.php\/wp-json\/wp\/v2\/pages\/3488\/revisions\/3496"}],"wp:attachment":[{"href":"https:\/\/lesnuitsdecamille.com\/index.php\/wp-json\/wp\/v2\/media?parent=3488"}],"curies":[{"name":"wp","href":"https:\/\/api.w.org\/{rel}","templated":true}]}}